{"id":5190,"date":"2017-09-14T12:33:00","date_gmt":"2017-09-14T11:33:00","guid":{"rendered":"http:\/\/test.timbercoast.com\/home\/"},"modified":"2024-02-19T12:58:53","modified_gmt":"2024-02-19T11:58:53","slug":"home","status":"publish","type":"page","link":"https:\/\/timbercoast.com\/de\/","title":{"rendered":"HOME"},"content":{"rendered":"<div class=\"wpb-content-wrapper\"><p>[vc_row][vc_column][vc_column_text]<\/p>\n<h2><\/h2>\n<h2 style=\"text-align: center;\">Unsere Mission<\/h2>\n<p style=\"text-align: center;\"><strong>TIMBERCOAST<\/strong> bringt Produzenten, H\u00e4ndler und Konsumenten zusammen, die \u00f6kologisch denken und handeln. Unser Segelschiff <a href=\"https:\/\/timbercoast.com\/de\/das-schiff\/\"><strong>AVONTUUR<\/strong><\/a> transportiert Waren nur per Windkraft und bringt das biologische Produkt aus der Ferne auf klimafreundlichem Weg zu dir. Was wir heute tun, bestimmt wie wir morgen leben: Die derzeit mehr als 51.000 Hochseefrachter, die Haupttransportmittel unseres Welthandels sind, zerst\u00f6ren die Umwelt und sondern lebensgef\u00e4hrliche Giftstoffe aus. Die Weltschifffahrt st\u00f6\u00dft j\u00e4hrlich mehr CO2-Emissionen aus als die gesamte Bundesrepublik Deutschland, die unter den Kohlenstoffdioxidemittenten der Welt auf Platz 6 liegt.<\/p>\n<p style=\"text-align: center;\">Wir bringen den Wandel zur sozialen und \u00f6kologischen Nachhaltigkeit in die Schifffahrtsindustrie \u2013 zum Schutz der Umwelt und f\u00fcr die nachfolgenden Generationen.<\/p>\n<p>[\/vc_column_text][\/vc_column][\/vc_row][vc_row full_width=&#8221;stretch_row&#8221; full_height=&#8221;yes&#8221; content_placement=&#8221;middle&#8221; parallax=&#8221;content-moving&#8221; parallax_image=&#8221;3467&#8243; prlx_opacity=&#8221;opacity-100&#8243;][vc_column][\/vc_column][\/vc_row][vc_row][vc_column][vc_column_text]<\/p>\n<h2 style=\"text-align: center;\">Unsere Geschichte<\/h2>\n<p style=\"text-align: center;\">W\u00e4hrend seiner mehr als 20-j\u00e4hrigen Arbeitserfahrung in der Schifffahrtsindustrie, konnte sich <strong>Cornelius Bockermann<\/strong> ein eigenes Bild davon machen, wie wir Menschen unsere Umwelt nachteilig beeinflussen. Mit seiner Firma f\u00fchrte er Schwertransporte f\u00fcr die \u00d6l-Industrie aus. Ein lukratives Gesch\u00e4ft, womit er viel Geld verdiente, und das ihm aber auch bewusst machte, welche Auswirkungen die weltweite Transportschifffahrt auf die Meere hat. Denn mehr als 90 Prozent des globalen Welthandels wird \u00fcber Containerschiffe abgewickelt, die fast ausschlie\u00dflich mit Schwer\u00f6l betrieben werden. Ein Brennstoff, der an Land l\u00e4ngst verboten ist und als Sonderm\u00fcll entsorgt werden muss. Damit sind die Ozeanriesen quasi schwimmende M\u00fcllverbrennungsanlagen, f\u00fcr die es wenig Schadstoff-Richtlinien gibt und die kaum Umweltverpflichtungen unterliegen. Ihm wurde klar, dass sich etwas \u00e4ndern muss. Er stellte sich die Frage: Wie kann man Unternehmen und Verbraucher wachr\u00fctteln und ihnen eine nachhaltige M\u00f6glichkeit des Transports aufzeigen?<\/p>\n<p style=\"text-align: center;\"><strong>Frachtsegeln hei\u00dft die Antwort \u2013 Warentransport klimafreundlich per Wind mit unserem Segelschiff <a href=\"https:\/\/timbercoast.com\/de\/das-schiff\/\">AVONTUUR<\/a>.<\/strong><\/p>\n<p style=\"text-align: center;\">Wir sind eine Gruppe von leidenschaftlichen Individuen, angef\u00fchrt vom Initiator und Kapit\u00e4n Cornelius Bockermann, die \u00f6kologische Erzeuger mit gewissenhaften Konsumenten verbinden und f\u00fcr den Umweltschutz auf See k\u00e4mpfen.<\/p>\n<p>[\/vc_column_text][\/vc_column][\/vc_row][vc_row][vc_column][vc_column_text]<\/p>\n<h2 style=\"text-align: center;\">Unsere Vision<\/h2>\n<p style=\"text-align: center;\">Mit unserem Segelschiff <strong><a href=\"https:\/\/timbercoast.com\/de\/das-schiff\/\">AVONTUUR<\/a> <\/strong>bieten wir die M\u00f6glichkeit Fracht per Windkraft gesegelt zu transportieren um damit die Verbindung zwischen nachhaltigem Produzenten und verantwortungsvollem Verbraucher zu schaffen. Wir wollen einen alternativen Weg des modernen Transports in die Zukunft weisen; innerhalb einer Industrie, die sich bisher nicht den strengen Standards stellen musste, mit denen sich die Energieproduktion an Land schon lange konfrontiert sieht.<\/p>\n<p style=\"text-align: center;\"><strong>TIMBERCOAST \u2013 nat\u00fcrlich \u00fcber den Ozean<\/strong><\/p>\n<p>[\/vc_column_text][vc_video link=&#8221;https:\/\/vimeo.com\/269821583&#8243;][\/vc_column][\/vc_row][vc_row][vc_column][vc_column_text]<\/p>\n<h2 style=\"text-align: center;\">Unser Logbuch<\/h2>\n<p>[\/vc_column_text][vc_basic_grid post_type=&#8221;post&#8221; max_items=&#8221;3&#8243; style=&#8221;lazy&#8221; items_per_page=&#8221;3&#8243; gap=&#8221;20&#8243; grid_id=&#8221;vc_gid:1691397259125-89c85f95-7287-7&#8243;][\/vc_column][\/vc_row][vc_row][vc_column][\/vc_column][\/vc_row]<\/p>\n<\/div>","protected":false},"excerpt":{"rendered":"<p>[vc_row][vc_column][vc_column_text] Unsere Mission TIMBERCOAST bringt Produzenten, H\u00e4ndler und Konsumenten zusammen, die \u00f6kologisch denken und handeln. Unser Segelschiff AVONTUUR transportiert Waren nur per Windkraft und bringt das biologische Produkt aus der&#8230;<span class=\"screen-reader-text\">  HOME<\/span><\/p>\n","protected":false},"author":1,"featured_media":0,"parent":0,"menu_order":0,"comment_status":"closed","ping_status":"closed","template":"","meta":{"footnotes":""},"class_list":["post-5190","page","type-page","status-publish","hentry"],"yoast_head":"<!-- This site is optimized with the Yoast SEO plugin v25.6 - https:\/\/yoast.com\/wordpress\/plugins\/seo\/ -->\n<title>HOME - Timbercoast<\/title>\n<meta name=\"robots\" content=\"index, follow, max-snippet:-1, max-image-preview:large, max-video-preview:-1\" \/>\n<link rel=\"canonical\" href=\"https:\/\/timbercoast.com\/de\/\" \/>\n<meta property=\"og:locale\" content=\"de_DE\" \/>\n<meta property=\"og:type\" content=\"article\" \/>\n<meta property=\"og:title\" content=\"HOME - Timbercoast\" \/>\n<meta property=\"og:description\" content=\"[vc_row][vc_column][vc_column_text] Unsere Mission TIMBERCOAST bringt Produzenten, H\u00e4ndler und Konsumenten zusammen, die \u00f6kologisch denken und handeln. Unser Segelschiff AVONTUUR transportiert Waren nur per Windkraft und bringt das biologische Produkt aus der&#8230; HOME\" \/>\n<meta property=\"og:url\" content=\"https:\/\/timbercoast.com\/de\/\" \/>\n<meta property=\"og:site_name\" content=\"Timbercoast\" \/>\n<meta property=\"article:publisher\" content=\"https:\/\/facebook.com\/timbercoast\/\" \/>\n<meta property=\"article:modified_time\" content=\"2024-02-19T11:58:53+00:00\" \/>\n<meta property=\"og:image\" content=\"https:\/\/timbercoast.com\/wp-content\/uploads\/2016\/03\/wesbitetagwlogosmall-1.png\" \/>\n<meta name=\"twitter:card\" content=\"summary_large_image\" \/>\n<meta name=\"twitter:site\" content=\"@timbercoastcrew\" \/>\n<meta name=\"twitter:label1\" content=\"Gesch\u00e4tzte Lesezeit\" \/>\n\t<meta name=\"twitter:data1\" content=\"2\u00a0Minuten\" \/>\n<script type=\"application\/ld+json\" class=\"yoast-schema-graph\">{\"@context\":\"https:\/\/schema.org\",\"@graph\":[{\"@type\":\"WebPage\",\"@id\":\"https:\/\/timbercoast.com\/de\/\",\"url\":\"https:\/\/timbercoast.com\/de\/\",\"name\":\"HOME - Timbercoast\",\"isPartOf\":{\"@id\":\"https:\/\/timbercoast.com\/en\/#website\"},\"datePublished\":\"2017-09-14T11:33:00+00:00\",\"dateModified\":\"2024-02-19T11:58:53+00:00\",\"breadcrumb\":{\"@id\":\"https:\/\/timbercoast.com\/de\/#breadcrumb\"},\"inLanguage\":\"de\",\"potentialAction\":[{\"@type\":\"ReadAction\",\"target\":[\"https:\/\/timbercoast.com\/de\/\"]}]},{\"@type\":\"BreadcrumbList\",\"@id\":\"https:\/\/timbercoast.com\/de\/#breadcrumb\",\"itemListElement\":[{\"@type\":\"ListItem\",\"position\":1,\"name\":\"Home\",\"item\":\"https:\/\/timbercoast.com\/de\/\"},{\"@type\":\"ListItem\",\"position\":2,\"name\":\"HOME\"}]},{\"@type\":\"WebSite\",\"@id\":\"https:\/\/timbercoast.com\/en\/#website\",\"url\":\"https:\/\/timbercoast.com\/en\/\",\"name\":\"Timbercoast\",\"description\":\"Cargo Under Sail\",\"potentialAction\":[{\"@type\":\"SearchAction\",\"target\":{\"@type\":\"EntryPoint\",\"urlTemplate\":\"https:\/\/timbercoast.com\/en\/?s={search_term_string}\"},\"query-input\":{\"@type\":\"PropertyValueSpecification\",\"valueRequired\":true,\"valueName\":\"search_term_string\"}}],\"inLanguage\":\"de\"}]}<\/script>\n<!-- \/ Yoast SEO plugin. -->","yoast_head_json":{"title":"HOME - Timbercoast","robots":{"index":"index","follow":"follow","max-snippet":"max-snippet:-1","max-image-preview":"max-image-preview:large","max-video-preview":"max-video-preview:-1"},"canonical":"https:\/\/timbercoast.com\/de\/","og_locale":"de_DE","og_type":"article","og_title":"HOME - Timbercoast","og_description":"[vc_row][vc_column][vc_column_text] Unsere Mission TIMBERCOAST bringt Produzenten, H\u00e4ndler und Konsumenten zusammen, die \u00f6kologisch denken und handeln. Unser Segelschiff AVONTUUR transportiert Waren nur per Windkraft und bringt das biologische Produkt aus der&#8230; HOME","og_url":"https:\/\/timbercoast.com\/de\/","og_site_name":"Timbercoast","article_publisher":"https:\/\/facebook.com\/timbercoast\/","article_modified_time":"2024-02-19T11:58:53+00:00","og_image":[{"url":"https:\/\/timbercoast.com\/wp-content\/uploads\/2016\/03\/wesbitetagwlogosmall-1.png","type":"","width":"","height":""}],"twitter_card":"summary_large_image","twitter_site":"@timbercoastcrew","twitter_misc":{"Gesch\u00e4tzte Lesezeit":"2\u00a0Minuten"},"schema":{"@context":"https:\/\/schema.org","@graph":[{"@type":"WebPage","@id":"https:\/\/timbercoast.com\/de\/","url":"https:\/\/timbercoast.com\/de\/","name":"HOME - Timbercoast","isPartOf":{"@id":"https:\/\/timbercoast.com\/en\/#website"},"datePublished":"2017-09-14T11:33:00+00:00","dateModified":"2024-02-19T11:58:53+00:00","breadcrumb":{"@id":"https:\/\/timbercoast.com\/de\/#breadcrumb"},"inLanguage":"de","potentialAction":[{"@type":"ReadAction","target":["https:\/\/timbercoast.com\/de\/"]}]},{"@type":"BreadcrumbList","@id":"https:\/\/timbercoast.com\/de\/#breadcrumb","itemListElement":[{"@type":"ListItem","position":1,"name":"Home","item":"https:\/\/timbercoast.com\/de\/"},{"@type":"ListItem","position":2,"name":"HOME"}]},{"@type":"WebSite","@id":"https:\/\/timbercoast.com\/en\/#website","url":"https:\/\/timbercoast.com\/en\/","name":"Timbercoast","description":"Cargo Under Sail","potentialAction":[{"@type":"SearchAction","target":{"@type":"EntryPoint","urlTemplate":"https:\/\/timbercoast.com\/en\/?s={search_term_string}"},"query-input":{"@type":"PropertyValueSpecification","valueRequired":true,"valueName":"search_term_string"}}],"inLanguage":"de"}]}},"_links":{"self":[{"href":"https:\/\/timbercoast.com\/de\/wp-json\/wp\/v2\/pages\/5190","targetHints":{"allow":["GET"]}}],"collection":[{"href":"https:\/\/timbercoast.com\/de\/wp-json\/wp\/v2\/pages"}],"about":[{"href":"https:\/\/timbercoast.com\/de\/wp-json\/wp\/v2\/types\/page"}],"author":[{"embeddable":true,"href":"https:\/\/timbercoast.com\/de\/wp-json\/wp\/v2\/users\/1"}],"replies":[{"embeddable":true,"href":"https:\/\/timbercoast.com\/de\/wp-json\/wp\/v2\/comments?post=5190"}],"version-history":[{"count":0,"href":"https:\/\/timbercoast.com\/de\/wp-json\/wp\/v2\/pages\/5190\/revisions"}],"wp:attachment":[{"href":"https:\/\/timbercoast.com\/de\/wp-json\/wp\/v2\/media?parent=5190"}],"curies":[{"name":"wp","href":"https:\/\/api.w.org\/{rel}","templated":true}]}}