{"id":5496,"date":"2017-09-17T14:07:21","date_gmt":"2017-09-17T13:07:21","guid":{"rendered":"http:\/\/test.timbercoast.com\/ship-new\/"},"modified":"2021-05-07T09:43:54","modified_gmt":"2021-05-07T08:43:54","slug":"schiff","status":"publish","type":"page","link":"https:\/\/timbercoast.com\/de\/schiff\/","title":{"rendered":"Schiff"},"content":{"rendered":"<div class=\"wpb-content-wrapper\"><p>[vc_row full_width=&#8221;stretch_row&#8221;][vc_column][vc_single_image image=&#8221;7253&#8243;][\/vc_column][\/vc_row][vc_row css=&#8221;.vc_custom_1506522716465{background-color: #4a88bf !important;}&#8221;][vc_column][vc_column_text]<span style=\"color: #ffffff;\">Die AVONTUUR ist ein zwei mastiger Gaffelschoner, gebaut 1920 bei Otto Smit, Stadskanaal, Niederlande. Bis 2005 wurde sie als Frachtsegler genutzt, zuletzt vom niederl\u00e4ndischen Kapit\u00e4n Paul Whalen. Er segelte Fracht zwischen Nord- und Ostsee, dem Nordatlantik und H\u00e4fen in der Karibik, wo sie allgemein als einer der letzten wahren Frachtsegler des 21. Jahrhundert galt.<\/span><\/p>\n<p><span style=\"color: #ffffff;\">Nachdem sie einige Jahre als Passagierschiff f\u00fcr Tagesausfl\u00fcge entlang der holl\u00e4ndischen K\u00fcste und zwischen den westfriesischen Inseln operierte, wurde die AVONTUUR im Herbst 2014 das Fundament der Timbercoast Gemeinschaft.<\/span>[\/vc_column_text][\/vc_column][\/vc_row][vc_row][vc_column][vc_single_image image=&#8221;10767&#8243;][\/vc_column][\/vc_row]<\/p>\n<\/div>","protected":false},"excerpt":{"rendered":"<p>[vc_row full_width=&#8221;stretch_row&#8221;][vc_column][vc_single_image image=&#8221;7253&#8243;][\/vc_column][\/vc_row][vc_row css=&#8221;.vc_custom_1506522716465{background-color: #4a88bf !important;}&#8221;][vc_column][vc_column_text]Die AVONTUUR ist ein zwei mastiger Gaffelschoner, gebaut 1920 bei Otto Smit, Stadskanaal, Niederlande. Bis 2005 wurde sie als Frachtsegler genutzt, zuletzt vom niederl\u00e4ndischen Kapit\u00e4n&#8230;<span class=\"screen-reader-text\">  Schiff<\/span><\/p>\n","protected":false},"author":1,"featured_media":0,"parent":0,"menu_order":0,"comment_status":"closed","ping_status":"closed","template":"","meta":{"footnotes":""},"class_list":["post-5496","page","type-page","status-publish","hentry"],"yoast_head":"<!-- This site is optimized with the Yoast SEO plugin v25.6 - https:\/\/yoast.com\/wordpress\/plugins\/seo\/ -->\n<title>Schiff - Timbercoast<\/title>\n<meta name=\"robots\" content=\"index, follow, max-snippet:-1, max-image-preview:large, max-video-preview:-1\" \/>\n<link rel=\"canonical\" href=\"https:\/\/timbercoast.com\/de\/schiff\/\" \/>\n<meta property=\"og:locale\" content=\"de_DE\" \/>\n<meta property=\"og:type\" content=\"article\" \/>\n<meta property=\"og:title\" content=\"Schiff - Timbercoast\" \/>\n<meta property=\"og:description\" content=\"[vc_row full_width=&#8221;stretch_row&#8221;][vc_column][vc_single_image image=&#8221;7253&#8243;][\/vc_column][\/vc_row][vc_row css=&#8221;.vc_custom_1506522716465{background-color: #4a88bf !important;}&#8221;][vc_column][vc_column_text]Die AVONTUUR ist ein zwei mastiger Gaffelschoner, gebaut 1920 bei Otto Smit, Stadskanaal, Niederlande. Bis 2005 wurde sie als Frachtsegler genutzt, zuletzt vom niederl\u00e4ndischen Kapit\u00e4n&#8230; Schiff\" \/>\n<meta property=\"og:url\" content=\"https:\/\/timbercoast.com\/de\/schiff\/\" \/>\n<meta property=\"og:site_name\" content=\"Timbercoast\" \/>\n<meta property=\"article:publisher\" content=\"https:\/\/facebook.com\/timbercoast\/\" \/>\n<meta property=\"article:modified_time\" content=\"2021-05-07T08:43:54+00:00\" \/>\n<meta property=\"og:image\" content=\"https:\/\/timbercoast.com\/wp-content\/uploads\/2016\/03\/wesbitetagwlogosmall-1.png\" \/>\n<meta name=\"twitter:card\" content=\"summary_large_image\" \/>\n<meta name=\"twitter:site\" content=\"@timbercoastcrew\" \/>\n<meta name=\"twitter:label1\" content=\"Gesch\u00e4tzte Lesezeit\" \/>\n\t<meta name=\"twitter:data1\" content=\"1\u00a0Minute\" \/>\n<script type=\"application\/ld+json\" class=\"yoast-schema-graph\">{\"@context\":\"https:\/\/schema.org\",\"@graph\":[{\"@type\":\"WebPage\",\"@id\":\"https:\/\/timbercoast.com\/de\/schiff\/\",\"url\":\"https:\/\/timbercoast.com\/de\/schiff\/\",\"name\":\"Schiff - Timbercoast\",\"isPartOf\":{\"@id\":\"https:\/\/timbercoast.com\/en\/#website\"},\"datePublished\":\"2017-09-17T13:07:21+00:00\",\"dateModified\":\"2021-05-07T08:43:54+00:00\",\"breadcrumb\":{\"@id\":\"https:\/\/timbercoast.com\/de\/schiff\/#breadcrumb\"},\"inLanguage\":\"de\",\"potentialAction\":[{\"@type\":\"ReadAction\",\"target\":[\"https:\/\/timbercoast.com\/de\/schiff\/\"]}]},{\"@type\":\"BreadcrumbList\",\"@id\":\"https:\/\/timbercoast.com\/de\/schiff\/#breadcrumb\",\"itemListElement\":[{\"@type\":\"ListItem\",\"position\":1,\"name\":\"Home\",\"item\":\"https:\/\/timbercoast.com\/de\/\"},{\"@type\":\"ListItem\",\"position\":2,\"name\":\"Schiff\"}]},{\"@type\":\"WebSite\",\"@id\":\"https:\/\/timbercoast.com\/en\/#website\",\"url\":\"https:\/\/timbercoast.com\/en\/\",\"name\":\"Timbercoast\",\"description\":\"Cargo Under Sail\",\"potentialAction\":[{\"@type\":\"SearchAction\",\"target\":{\"@type\":\"EntryPoint\",\"urlTemplate\":\"https:\/\/timbercoast.com\/en\/?s={search_term_string}\"},\"query-input\":{\"@type\":\"PropertyValueSpecification\",\"valueRequired\":true,\"valueName\":\"search_term_string\"}}],\"inLanguage\":\"de\"}]}<\/script>\n<!-- \/ Yoast SEO plugin. -->","yoast_head_json":{"title":"Schiff - Timbercoast","robots":{"index":"index","follow":"follow","max-snippet":"max-snippet:-1","max-image-preview":"max-image-preview:large","max-video-preview":"max-video-preview:-1"},"canonical":"https:\/\/timbercoast.com\/de\/schiff\/","og_locale":"de_DE","og_type":"article","og_title":"Schiff - Timbercoast","og_description":"[vc_row full_width=&#8221;stretch_row&#8221;][vc_column][vc_single_image image=&#8221;7253&#8243;][\/vc_column][\/vc_row][vc_row css=&#8221;.vc_custom_1506522716465{background-color: #4a88bf !important;}&#8221;][vc_column][vc_column_text]Die AVONTUUR ist ein zwei mastiger Gaffelschoner, gebaut 1920 bei Otto Smit, Stadskanaal, Niederlande. Bis 2005 wurde sie als Frachtsegler genutzt, zuletzt vom niederl\u00e4ndischen Kapit\u00e4n&#8230; Schiff","og_url":"https:\/\/timbercoast.com\/de\/schiff\/","og_site_name":"Timbercoast","article_publisher":"https:\/\/facebook.com\/timbercoast\/","article_modified_time":"2021-05-07T08:43:54+00:00","og_image":[{"url":"https:\/\/timbercoast.com\/wp-content\/uploads\/2016\/03\/wesbitetagwlogosmall-1.png","type":"","width":"","height":""}],"twitter_card":"summary_large_image","twitter_site":"@timbercoastcrew","twitter_misc":{"Gesch\u00e4tzte Lesezeit":"1\u00a0Minute"},"schema":{"@context":"https:\/\/schema.org","@graph":[{"@type":"WebPage","@id":"https:\/\/timbercoast.com\/de\/schiff\/","url":"https:\/\/timbercoast.com\/de\/schiff\/","name":"Schiff - Timbercoast","isPartOf":{"@id":"https:\/\/timbercoast.com\/en\/#website"},"datePublished":"2017-09-17T13:07:21+00:00","dateModified":"2021-05-07T08:43:54+00:00","breadcrumb":{"@id":"https:\/\/timbercoast.com\/de\/schiff\/#breadcrumb"},"inLanguage":"de","potentialAction":[{"@type":"ReadAction","target":["https:\/\/timbercoast.com\/de\/schiff\/"]}]},{"@type":"BreadcrumbList","@id":"https:\/\/timbercoast.com\/de\/schiff\/#breadcrumb","itemListElement":[{"@type":"ListItem","position":1,"name":"Home","item":"https:\/\/timbercoast.com\/de\/"},{"@type":"ListItem","position":2,"name":"Schiff"}]},{"@type":"WebSite","@id":"https:\/\/timbercoast.com\/en\/#website","url":"https:\/\/timbercoast.com\/en\/","name":"Timbercoast","description":"Cargo Under Sail","potentialAction":[{"@type":"SearchAction","target":{"@type":"EntryPoint","urlTemplate":"https:\/\/timbercoast.com\/en\/?s={search_term_string}"},"query-input":{"@type":"PropertyValueSpecification","valueRequired":true,"valueName":"search_term_string"}}],"inLanguage":"de"}]}},"_links":{"self":[{"href":"https:\/\/timbercoast.com\/de\/wp-json\/wp\/v2\/pages\/5496","targetHints":{"allow":["GET"]}}],"collection":[{"href":"https:\/\/timbercoast.com\/de\/wp-json\/wp\/v2\/pages"}],"about":[{"href":"https:\/\/timbercoast.com\/de\/wp-json\/wp\/v2\/types\/page"}],"author":[{"embeddable":true,"href":"https:\/\/timbercoast.com\/de\/wp-json\/wp\/v2\/users\/1"}],"replies":[{"embeddable":true,"href":"https:\/\/timbercoast.com\/de\/wp-json\/wp\/v2\/comments?post=5496"}],"version-history":[{"count":0,"href":"https:\/\/timbercoast.com\/de\/wp-json\/wp\/v2\/pages\/5496\/revisions"}],"wp:attachment":[{"href":"https:\/\/timbercoast.com\/de\/wp-json\/wp\/v2\/media?parent=5496"}],"curies":[{"name":"wp","href":"https:\/\/api.w.org\/{rel}","templated":true}]}}