{"id":5832,"date":"2017-09-20T17:28:42","date_gmt":"2017-09-20T16:28:42","guid":{"rendered":"http:\/\/test.timbercoast.com\/?page_id=5832"},"modified":"2022-04-28T09:31:22","modified_gmt":"2022-04-28T08:31:22","slug":"fracht","status":"publish","type":"page","link":"https:\/\/timbercoast.com\/de\/fracht\/","title":{"rendered":"Fracht"},"content":{"rendered":"<div class=\"wpb-content-wrapper\"><p>[vc_row full_width=&#8221;stretch_row_content_no_spaces&#8221; full_height=&#8221;yes&#8221; columns_placement=&#8221;stretch&#8221; content_placement=&#8221;top&#8221; parallax=&#8221;content-moving&#8221; parallax_image=&#8221;7738&#8243;][vc_column][\/vc_column][\/vc_row][vc_row][vc_column]<div class=\"center\"><div class=\"section-title\"><h1 style=\"color:#292422;\" class=\"\">Fracht<\/h1><\/div><\/div>[\/vc_column][\/vc_row][vc_row][vc_column width=&#8221;1\/2&#8243;][vc_column_text]Im heutigen \u00fcberw\u00e4ltigenden Marktangebot ist es schwer f\u00fcr Produzentinnen und Produzenten eine langfristige Bekanntheit f\u00fcr ihr Produkt zu schaffen. Allzu oft wird Innovation hinter verschlossenen T\u00fcren diskutiert und auf Produktverbesserung und Profitmaximierung geachtet. Machen Sie den ersten Schritt, heben Sie sich von der Masse ab und verschiffen Sie ihre G\u00fcter mit uns um die Einzigartigkeit\u00a0Ihres Produktes zu st\u00e4rken.<\/p>\n<p>Wenn Sie ihre Waren per Windkraft segeln und unsere Avontuur als nachhaltiges Transportmittel nutzen, \u00fcbernehmen Sie Verantwortung und k\u00f6nnen eine\u00a0nachhaltige\u00a0Transportkette von der\u00a0Produktion bis zum Kunden aufweisen. Auch wir\u00a0haben ein hohes Interesse an Ihrem Erfolg und helfen Ihnen gerne dabei, sei es durch Organisation einer\u00a0Willkommens-Veranstaltungen Ihrer Fracht oder Filmaufnahmen auf See, wir k\u00f6nnen alles abdecken und sind offen f\u00fcr neue Ideen. Ihre Fracht zu segeln, setzt ein Zeichen f\u00fcr den\u00a0Umweltschutz und dient der Inspiration der\u00a0ganze Branche.<\/p>\n<p>Wir haben eine Crew mit \u00fcber 30 Jahren Erfahrung auf See und werden \u2028uns pers\u00f6nlich um Ihre Sch\u00e4tze an Bord w\u00e4hrend der Reise k\u00fcmmern.[\/vc_column_text][vc_column_text]<\/p>\n<h4>AVONTUUR \u00dcbersicht kurz:<\/h4>\n<ul>\n<li>Registriertes Frachtsegelschiff<\/li>\n<li>Rina klassifiziert<\/li>\n<li>Frachtkapazit\u00e4t 114 dwT<\/li>\n<li>135 m Volumen<\/li>\n<li>Mehr Information \u00fcber das Schiff\u00a0 <strong><a href=\"https:\/\/timbercoast.com\/de\/schiff\/\">hier<\/a><\/strong><\/li>\n<\/ul>\n<p>[\/vc_column_text][\/vc_column][vc_column width=&#8221;1\/2&#8243;][vc_video link=&#8221;https:\/\/www.youtube.com\/watch?v=Fyx3K6LOdgs&#8221;][\/vc_column][\/vc_row][vc_row][vc_column][vc_row_inner][vc_column_inner]<div class=\"center\"><div class=\"section-title\"><h2 style=\"color:#292422;\" class=\"\">Kommende Frachtsegelreisen<\/h2><\/div><\/div>[\/vc_column_inner][\/vc_row_inner][vc_cta h2=&#8221;&#8221; style=&#8221;flat&#8221; color=&#8221;white&#8221; add_button=&#8221;top&#8221; btn_title=&#8221;Informieren Sie sich \u00fcber unsere aktuellen und kommenden Frachtreisen&#8221; btn_color=&#8221;success&#8221; btn_size=&#8221;lg&#8221; btn_align=&#8221;center&#8221; btn_i_icon_fontawesome=&#8221;fa fa-anchor&#8221; btn_button_block=&#8221;true&#8221; btn_add_icon=&#8221;true&#8221; btn_link=&#8221;url:https%3A%2F%2Ftimbercoast.com%2Fde%2Fsegelzeitplan%2F|&#8221;][\/vc_cta][vc_empty_space height=&#8221;60px&#8221;]<div class=\"center\"><div class=\"section-title\"><h2 style=\"color:#292422;\" class=\" reset-margin\">Get in touch<\/h2><\/div><\/div>[\/vc_column][\/vc_row][vc_section][vc_row css=&#8221;.vc_custom_1505465945118{background-color: #f7f7f7 !important;}&#8221;][vc_column width=&#8221;1\/2&#8243;][vc_column_text]<\/p>\n<h2><strong>Fracht Kontakt<br \/>\n<\/strong><\/h2>\n<h4>F\u00fcr zeitnahe Transportanfragen f\u00fcllen Sie bitte folgendes Formular aus:<\/h4>\n<ul>\n<li>Details zur Route ( von wo nach wo?)<\/li>\n<li>Art, Sorte und sonstige Angaben zur Ware<\/li>\n<li>Tonnenangabe<\/li>\n<li>weitere, besondere Angaben zur Fracht wie L\u00e4ngen, Breite oder Paletten<\/li>\n<\/ul>\n<p>[\/vc_column_text][\/vc_column][vc_column width=&#8221;1\/2&#8243;][vc_toggle title=&#8221;Fracht Anfrage&#8221;]\n<div class=\"wpcf7 no-js\" id=\"wpcf7-f5210-o1\" lang=\"de-DE\" dir=\"ltr\" data-wpcf7-id=\"5210\">\n<div class=\"screen-reader-response\"><p role=\"status\" aria-live=\"polite\" aria-atomic=\"true\"><\/p> <ul><\/ul><\/div>\n<form action=\"\/de\/wp-json\/wp\/v2\/pages\/5832#wpcf7-f5210-o1\" method=\"post\" class=\"wpcf7-form init\" aria-label=\"Kontaktformular\" novalidate=\"novalidate\" data-status=\"init\">\n<fieldset class=\"hidden-fields-container\"><input type=\"hidden\" name=\"_wpcf7\" value=\"5210\" \/><input type=\"hidden\" name=\"_wpcf7_version\" value=\"6.1.1\" \/><input type=\"hidden\" name=\"_wpcf7_locale\" value=\"de_DE\" \/><input type=\"hidden\" name=\"_wpcf7_unit_tag\" value=\"wpcf7-f5210-o1\" \/><input type=\"hidden\" name=\"_wpcf7_container_post\" value=\"0\" \/><input type=\"hidden\" name=\"_wpcf7_posted_data_hash\" value=\"\" \/>\n<\/fieldset>\n<p><label> Ihr Name (Pflichtfeld)<br \/>\n<span class=\"wpcf7-form-control-wrap\" data-name=\"your-name\"><input size=\"40\" maxlength=\"400\" class=\"wpcf7-form-control wpcf7-text wpcf7-validates-as-required\" aria-required=\"true\" aria-invalid=\"false\" value=\"\" type=\"text\" name=\"your-name\" \/><\/span> <\/label>\n<\/p>\n<p><label> Ihre E-Mail-Adresse (Pflichtfeld)<br \/>\n<span class=\"wpcf7-form-control-wrap\" data-name=\"your-email\"><input size=\"40\" maxlength=\"400\" class=\"wpcf7-form-control wpcf7-email wpcf7-validates-as-required wpcf7-text wpcf7-validates-as-email\" aria-required=\"true\" aria-invalid=\"false\" value=\"\" type=\"email\" name=\"your-email\" \/><\/span> <\/label>\n<\/p>\n<p><label>Details zur Route<\/label><br \/>\n<label>Start<br \/>\n<span class=\"wpcf7-form-control-wrap\" data-name=\"route_start\"><input size=\"40\" maxlength=\"400\" class=\"wpcf7-form-control wpcf7-text\" aria-invalid=\"false\" value=\"\" type=\"text\" name=\"route_start\" \/><\/span> <\/label><br \/>\n<label>Ziel<br \/>\n<span class=\"wpcf7-form-control-wrap\" data-name=\"route_ziel\"><input size=\"40\" maxlength=\"400\" class=\"wpcf7-form-control wpcf7-text\" aria-invalid=\"false\" value=\"\" type=\"text\" name=\"route_ziel\" \/><\/span> <\/label>\n<\/p>\n<p><label>Details zur Ladung<\/label><br \/>\n<label>Art der Ladung<br \/>\n<span class=\"wpcf7-form-control-wrap\" data-name=\"ladung\"><input size=\"40\" maxlength=\"400\" class=\"wpcf7-form-control wpcf7-text\" aria-invalid=\"false\" value=\"\" type=\"text\" name=\"ladung\" \/><\/span> <\/label><br \/>\n<label>Gewicht (in Tonnen)<br \/>\n<span class=\"wpcf7-form-control-wrap\" data-name=\"gewicht\"><input size=\"40\" maxlength=\"400\" class=\"wpcf7-form-control wpcf7-text\" aria-invalid=\"false\" value=\"\" type=\"text\" name=\"gewicht\" \/><\/span> <\/label><br \/>\n<span class=\"wpcf7-form-control-wrap\" data-name=\"message\"><textarea cols=\"40\" rows=\"10\" maxlength=\"2000\" class=\"wpcf7-form-control wpcf7-textarea\" aria-invalid=\"false\" placeholder=\"Message\" name=\"message\"><\/textarea><\/span>\n<\/p>\n<p><!-- Mailchimp for WordPress v4.10.6 - https:\/\/www.mc4wp.com\/ --><input type=\"hidden\" name=\"_mc4wp_subscribe_contact-form-7\" value=\"0\" \/><span class=\"mc4wp-checkbox mc4wp-checkbox-contact-form-7 \"><label><input type=\"checkbox\" name=\"_mc4wp_subscribe_contact-form-7\" value=\"1\" checked=\"checked\"><span>Trage mich in den Newsletter ein!<\/span><\/label><\/span><!-- \/ Mailchimp for WordPress -->\n<\/p>\n<p><input class=\"wpcf7-form-control wpcf7-submit has-spinner\" type=\"submit\" value=\"Senden\" \/><br \/>\n<span id=\"wpcf7-69d5c8fa4b9d9-wrapper\" class=\"wpcf7-form-control-wrap honeypot-783-wrap\" style=\"display:none !important; visibility:hidden !important;\"><label for=\"wpcf7-69d5c8fa4b9d9-field\" class=\"hp-message\">Bitte lasse dieses Feld leer.<\/label><input id=\"wpcf7-69d5c8fa4b9d9-field\"  class=\"wpcf7-form-control wpcf7-text\" type=\"text\" name=\"honeypot-783\" value=\"\" size=\"40\" tabindex=\"-1\" autocomplete=\"new-password\" \/><\/span>\n<\/p><div class=\"wpcf7-response-output\" aria-hidden=\"true\"><\/div>\n<\/form>\n<\/div>\n[\/vc_toggle][\/vc_column][\/vc_row][\/vc_section][vc_row][vc_column]<div class=\"center\"><div class=\"section-title\"><h2 style=\"color:#292422;\" class=\"\">We SAIL the goods for these forward thinking organisations<\/h2><\/div><\/div>[vc_single_image image=&#8221;9748&#8243; img_size=&#8221;medium&#8221; alignment=&#8221;center&#8221; onclick=&#8221;custom_link&#8221; img_link_target=&#8221;_blank&#8221; css_animation=&#8221;zoomIn&#8221; link=&#8221;https:%2F%2Fwww.en.timbercoast.de%2F|&#8221;][\/vc_column][\/vc_row][vc_row][vc_column width=&#8221;1\/3&#8243;][vc_single_image image=&#8221;3700&#8243; alignment=&#8221;center&#8221; onclick=&#8221;custom_link&#8221; img_link_target=&#8221;_blank&#8221; css_animation=&#8221;zoomIn&#8221; link=&#8221;https:%2F%2Fwww.portfranc.co%2F|&#8221;][vc_single_image image=&#8221;3708&#8243; alignment=&#8221;center&#8221; onclick=&#8221;custom_link&#8221; img_link_target=&#8221;_blank&#8221; css_animation=&#8221;zoomIn&#8221; link=&#8221;https:%2F%2Fwww.brigantes.eu|&#8221;][vc_single_image image=&#8221;7794&#8243; onclick=&#8221;custom_link&#8221; img_link_target=&#8221;_blank&#8221; css_animation=&#8221;zoomIn&#8221; link=&#8221;https:%2F%2Fwww.zotter.at%2Fen%2Fhomepage.html|&#8221;][vc_single_image image=&#8221;7799&#8243; onclick=&#8221;custom_link&#8221; img_link_target=&#8221;_blank&#8221; css_animation=&#8221;zoomIn&#8221; link=&#8221;http:%2F%2Fnewdawntraders.com%2F|&#8221;][vc_single_image image=&#8221;8921&#8243; img_size=&#8221;medium&#8221; onclick=&#8221;custom_link&#8221; img_link_target=&#8221;_blank&#8221; css_animation=&#8221;zoomIn&#8221; link=&#8221;https:%2F%2Fwww.knuthansengin.de%2F|&#8221;][vc_single_image image=&#8221;9750&#8243; img_size=&#8221;medium&#8221; onclick=&#8221;custom_link&#8221; img_link_target=&#8221;_blank&#8221; css_animation=&#8221;zoomIn&#8221; link=&#8221;https:%2F%2Fwww.el-puente.de%2F|&#8221;][vc_single_image image=&#8221;9756&#8243; img_size=&#8221;medium&#8221; onclick=&#8221;custom_link&#8221; img_link_target=&#8221;_blank&#8221; css_animation=&#8221;zoomIn&#8221; link=&#8221;https:%2F%2Fwww.hardenberg-wilthen.de%2Fspirits-producer-germany.html|&#8221;][\/vc_column][vc_column width=&#8221;1\/3&#8243;][vc_single_image image=&#8221;10960&#8243; img_size=&#8221;medium&#8221; alignment=&#8221;center&#8221; onclick=&#8221;custom_link&#8221; img_link_target=&#8221;_blank&#8221; css_animation=&#8221;zoomIn&#8221; link=&#8221;https:%2F%2Fwww.slokoffie.de%2F|&#8221;][vc_single_image image=&#8221;3698&#8243; img_size=&#8221;medium&#8221; alignment=&#8221;center&#8221; onclick=&#8221;custom_link&#8221; img_link_target=&#8221;_blank&#8221; css_animation=&#8221;zoomIn&#8221; link=&#8221;https:%2F%2Fwww.slokoffie.de%2F|&#8221;][vc_single_image image=&#8221;7685&#8243; img_size=&#8221;medium&#8221; alignment=&#8221;center&#8221; onclick=&#8221;custom_link&#8221; img_link_target=&#8221;_blank&#8221; css_animation=&#8221;zoomIn&#8221; link=&#8221;https:%2F%2Fteikeicoffee.org%2F|&#8221;][vc_single_image image=&#8221;7732&#8243; img_size=&#8221;medium&#8221; alignment=&#8221;center&#8221; onclick=&#8221;custom_link&#8221; img_link_target=&#8221;_blank&#8221; css_animation=&#8221;zoomIn&#8221; link=&#8221;http:%2F%2Fwww.mitka.de%2F|&#8221;][vc_single_image image=&#8221;7377&#8243; img_size=&#8221;medium&#8221; alignment=&#8221;center&#8221; onclick=&#8221;custom_link&#8221; img_link_target=&#8221;_blank&#8221; css_animation=&#8221;zoomIn&#8221; link=&#8221;http:%2F%2Fwww.towt.eu%2F|&#8221;][vc_single_image image=&#8221;9125&#8243; alignment=&#8221;center&#8221; onclick=&#8221;custom_link&#8221; img_link_target=&#8221;_blank&#8221; css_animation=&#8221;zoomIn&#8221; link=&#8221;https:%2F%2Fchocodelsol.com%2F%3Fsetlang%3Den|&#8221;][vc_single_image image=&#8221;9752&#8243; alignment=&#8221;center&#8221; onclick=&#8221;custom_link&#8221; img_link_target=&#8221;_blank&#8221; css_animation=&#8221;zoomIn&#8221; link=&#8221;https:%2F%2Fwww.eza.cc%2F|&#8221;][\/vc_column][vc_column width=&#8221;1\/3&#8243;][vc_single_image image=&#8221;3315&#8243; img_size=&#8221;large&#8221; alignment=&#8221;center&#8221; onclick=&#8221;custom_link&#8221; img_link_target=&#8221;_blank&#8221; css_animation=&#8221;zoomIn&#8221; link=&#8221;https:%2F%2Fwww.hannover-gin.de%2F|&#8221;][vc_single_image image=&#8221;7791&#8243; onclick=&#8221;custom_link&#8221; img_link_target=&#8221;_blank&#8221; css_animation=&#8221;zoomIn&#8221; link=&#8221;https:%2F%2Fwww.yogitea.com%2Fen%2F|&#8221;][vc_single_image image=&#8221;7797&#8243; alignment=&#8221;center&#8221; onclick=&#8221;custom_link&#8221; img_link_target=&#8221;_blank&#8221; css_animation=&#8221;zoomIn&#8221; link=&#8221;https:%2F%2Fwww.el-rojito.de%2F|&#8221;][vc_single_image image=&#8221;7728&#8243; img_size=&#8221;thumbnail&#8221; alignment=&#8221;center&#8221; onclick=&#8221;custom_link&#8221; img_link_target=&#8221;_blank&#8221; css_animation=&#8221;zoomIn&#8221; link=&#8221;http:%2F%2Fwww.cafe-chavalo.de%2F|&#8221;][vc_single_image image=&#8221;9062&#8243; onclick=&#8221;custom_link&#8221; img_link_target=&#8221;_blank&#8221; css_animation=&#8221;zoomIn&#8221; link=&#8221;http:%2F%2Fwww.choco-lanyze.cz%2F|&#8221;][vc_single_image image=&#8221;9754&#8243; onclick=&#8221;custom_link&#8221; img_link_target=&#8221;_blank&#8221; css_animation=&#8221;zoomIn&#8221; link=&#8221;https:%2F%2Fjustuscoffee.com%2F|&#8221;][\/vc_column][\/vc_row][vc_row][vc_column][\/vc_column][\/vc_row]<\/p>\n<\/div>","protected":false},"excerpt":{"rendered":"<p>[vc_row full_width=&#8221;stretch_row_content_no_spaces&#8221; full_height=&#8221;yes&#8221; columns_placement=&#8221;stretch&#8221; content_placement=&#8221;top&#8221; parallax=&#8221;content-moving&#8221; parallax_image=&#8221;7738&#8243;][vc_column][\/vc_column][\/vc_row][vc_row][vc_column][\/vc_column][\/vc_row][vc_row][vc_column width=&#8221;1\/2&#8243;][vc_column_text]Im heutigen \u00fcberw\u00e4ltigenden Marktangebot ist es schwer f\u00fcr Produzentinnen und Produzenten eine langfristige Bekanntheit f\u00fcr ihr Produkt zu schaffen. Allzu oft wird Innovation&#8230;<span class=\"screen-reader-text\">  Fracht<\/span><\/p>\n","protected":false},"author":1,"featured_media":7739,"parent":0,"menu_order":0,"comment_status":"closed","ping_status":"closed","template":"","meta":{"footnotes":""},"class_list":["post-5832","page","type-page","status-publish","has-post-thumbnail","hentry"],"yoast_head":"<!-- This site is optimized with the Yoast SEO plugin v25.6 - https:\/\/yoast.com\/wordpress\/plugins\/seo\/ -->\n<title>Fracht - Timbercoast<\/title>\n<meta name=\"robots\" content=\"index, follow, max-snippet:-1, max-image-preview:large, max-video-preview:-1\" \/>\n<link rel=\"canonical\" href=\"https:\/\/timbercoast.com\/de\/fracht\/\" \/>\n<meta property=\"og:locale\" content=\"de_DE\" \/>\n<meta property=\"og:type\" content=\"article\" \/>\n<meta property=\"og:title\" content=\"Fracht - Timbercoast\" \/>\n<meta property=\"og:description\" content=\"[vc_row full_width=&#8221;stretch_row_content_no_spaces&#8221; full_height=&#8221;yes&#8221; columns_placement=&#8221;stretch&#8221; content_placement=&#8221;top&#8221; parallax=&#8221;content-moving&#8221; parallax_image=&#8221;7738&#8243;][vc_column][\/vc_column][\/vc_row][vc_row][vc_column][\/vc_column][\/vc_row][vc_row][vc_column width=&#8221;1\/2&#8243;][vc_column_text]Im heutigen \u00fcberw\u00e4ltigenden Marktangebot ist es schwer f\u00fcr Produzentinnen und Produzenten eine langfristige Bekanntheit f\u00fcr ihr Produkt zu schaffen. Allzu oft wird Innovation&#8230; Fracht\" \/>\n<meta property=\"og:url\" content=\"https:\/\/timbercoast.com\/de\/fracht\/\" \/>\n<meta property=\"og:site_name\" content=\"Timbercoast\" \/>\n<meta property=\"article:publisher\" content=\"https:\/\/facebook.com\/timbercoast\/\" \/>\n<meta property=\"article:modified_time\" content=\"2022-04-28T08:31:22+00:00\" \/>\n<meta property=\"og:image\" content=\"https:\/\/timbercoast.com\/wp-content\/uploads\/28870596_985808881574494_5500963992111153152_o.jpg\" \/>\n\t<meta property=\"og:image:width\" content=\"2048\" \/>\n\t<meta property=\"og:image:height\" content=\"1536\" \/>\n\t<meta property=\"og:image:type\" content=\"image\/jpeg\" \/>\n<meta name=\"twitter:card\" content=\"summary_large_image\" \/>\n<meta name=\"twitter:site\" content=\"@timbercoastcrew\" \/>\n<meta name=\"twitter:label1\" content=\"Gesch\u00e4tzte Lesezeit\" \/>\n\t<meta name=\"twitter:data1\" content=\"5\u00a0Minuten\" \/>\n<script type=\"application\/ld+json\" class=\"yoast-schema-graph\">{\"@context\":\"https:\/\/schema.org\",\"@graph\":[{\"@type\":\"WebPage\",\"@id\":\"https:\/\/timbercoast.com\/de\/fracht\/\",\"url\":\"https:\/\/timbercoast.com\/de\/fracht\/\",\"name\":\"Fracht - Timbercoast\",\"isPartOf\":{\"@id\":\"https:\/\/timbercoast.com\/en\/#website\"},\"primaryImageOfPage\":{\"@id\":\"https:\/\/timbercoast.com\/de\/fracht\/#primaryimage\"},\"image\":{\"@id\":\"https:\/\/timbercoast.com\/de\/fracht\/#primaryimage\"},\"thumbnailUrl\":\"https:\/\/timbercoast.com\/wp-content\/uploads\/28870596_985808881574494_5500963992111153152_o.jpg\",\"datePublished\":\"2017-09-20T16:28:42+00:00\",\"dateModified\":\"2022-04-28T08:31:22+00:00\",\"breadcrumb\":{\"@id\":\"https:\/\/timbercoast.com\/de\/fracht\/#breadcrumb\"},\"inLanguage\":\"de\",\"potentialAction\":[{\"@type\":\"ReadAction\",\"target\":[\"https:\/\/timbercoast.com\/de\/fracht\/\"]}]},{\"@type\":\"ImageObject\",\"inLanguage\":\"de\",\"@id\":\"https:\/\/timbercoast.com\/de\/fracht\/#primaryimage\",\"url\":\"https:\/\/timbercoast.com\/wp-content\/uploads\/28870596_985808881574494_5500963992111153152_o.jpg\",\"contentUrl\":\"https:\/\/timbercoast.com\/wp-content\/uploads\/28870596_985808881574494_5500963992111153152_o.jpg\",\"width\":2048,\"height\":1536},{\"@type\":\"BreadcrumbList\",\"@id\":\"https:\/\/timbercoast.com\/de\/fracht\/#breadcrumb\",\"itemListElement\":[{\"@type\":\"ListItem\",\"position\":1,\"name\":\"Home\",\"item\":\"https:\/\/timbercoast.com\/de\/\"},{\"@type\":\"ListItem\",\"position\":2,\"name\":\"Fracht\"}]},{\"@type\":\"WebSite\",\"@id\":\"https:\/\/timbercoast.com\/en\/#website\",\"url\":\"https:\/\/timbercoast.com\/en\/\",\"name\":\"Timbercoast\",\"description\":\"Cargo Under Sail\",\"potentialAction\":[{\"@type\":\"SearchAction\",\"target\":{\"@type\":\"EntryPoint\",\"urlTemplate\":\"https:\/\/timbercoast.com\/en\/?s={search_term_string}\"},\"query-input\":{\"@type\":\"PropertyValueSpecification\",\"valueRequired\":true,\"valueName\":\"search_term_string\"}}],\"inLanguage\":\"de\"}]}<\/script>\n<!-- \/ Yoast SEO plugin. -->","yoast_head_json":{"title":"Fracht - Timbercoast","robots":{"index":"index","follow":"follow","max-snippet":"max-snippet:-1","max-image-preview":"max-image-preview:large","max-video-preview":"max-video-preview:-1"},"canonical":"https:\/\/timbercoast.com\/de\/fracht\/","og_locale":"de_DE","og_type":"article","og_title":"Fracht - Timbercoast","og_description":"[vc_row full_width=&#8221;stretch_row_content_no_spaces&#8221; full_height=&#8221;yes&#8221; columns_placement=&#8221;stretch&#8221; content_placement=&#8221;top&#8221; parallax=&#8221;content-moving&#8221; parallax_image=&#8221;7738&#8243;][vc_column][\/vc_column][\/vc_row][vc_row][vc_column][\/vc_column][\/vc_row][vc_row][vc_column width=&#8221;1\/2&#8243;][vc_column_text]Im heutigen \u00fcberw\u00e4ltigenden Marktangebot ist es schwer f\u00fcr Produzentinnen und Produzenten eine langfristige Bekanntheit f\u00fcr ihr Produkt zu schaffen. Allzu oft wird Innovation&#8230; Fracht","og_url":"https:\/\/timbercoast.com\/de\/fracht\/","og_site_name":"Timbercoast","article_publisher":"https:\/\/facebook.com\/timbercoast\/","article_modified_time":"2022-04-28T08:31:22+00:00","og_image":[{"width":2048,"height":1536,"url":"https:\/\/timbercoast.com\/wp-content\/uploads\/28870596_985808881574494_5500963992111153152_o.jpg","type":"image\/jpeg"}],"twitter_card":"summary_large_image","twitter_site":"@timbercoastcrew","twitter_misc":{"Gesch\u00e4tzte Lesezeit":"5\u00a0Minuten"},"schema":{"@context":"https:\/\/schema.org","@graph":[{"@type":"WebPage","@id":"https:\/\/timbercoast.com\/de\/fracht\/","url":"https:\/\/timbercoast.com\/de\/fracht\/","name":"Fracht - Timbercoast","isPartOf":{"@id":"https:\/\/timbercoast.com\/en\/#website"},"primaryImageOfPage":{"@id":"https:\/\/timbercoast.com\/de\/fracht\/#primaryimage"},"image":{"@id":"https:\/\/timbercoast.com\/de\/fracht\/#primaryimage"},"thumbnailUrl":"https:\/\/timbercoast.com\/wp-content\/uploads\/28870596_985808881574494_5500963992111153152_o.jpg","datePublished":"2017-09-20T16:28:42+00:00","dateModified":"2022-04-28T08:31:22+00:00","breadcrumb":{"@id":"https:\/\/timbercoast.com\/de\/fracht\/#breadcrumb"},"inLanguage":"de","potentialAction":[{"@type":"ReadAction","target":["https:\/\/timbercoast.com\/de\/fracht\/"]}]},{"@type":"ImageObject","inLanguage":"de","@id":"https:\/\/timbercoast.com\/de\/fracht\/#primaryimage","url":"https:\/\/timbercoast.com\/wp-content\/uploads\/28870596_985808881574494_5500963992111153152_o.jpg","contentUrl":"https:\/\/timbercoast.com\/wp-content\/uploads\/28870596_985808881574494_5500963992111153152_o.jpg","width":2048,"height":1536},{"@type":"BreadcrumbList","@id":"https:\/\/timbercoast.com\/de\/fracht\/#breadcrumb","itemListElement":[{"@type":"ListItem","position":1,"name":"Home","item":"https:\/\/timbercoast.com\/de\/"},{"@type":"ListItem","position":2,"name":"Fracht"}]},{"@type":"WebSite","@id":"https:\/\/timbercoast.com\/en\/#website","url":"https:\/\/timbercoast.com\/en\/","name":"Timbercoast","description":"Cargo Under Sail","potentialAction":[{"@type":"SearchAction","target":{"@type":"EntryPoint","urlTemplate":"https:\/\/timbercoast.com\/en\/?s={search_term_string}"},"query-input":{"@type":"PropertyValueSpecification","valueRequired":true,"valueName":"search_term_string"}}],"inLanguage":"de"}]}},"_links":{"self":[{"href":"https:\/\/timbercoast.com\/de\/wp-json\/wp\/v2\/pages\/5832","targetHints":{"allow":["GET"]}}],"collection":[{"href":"https:\/\/timbercoast.com\/de\/wp-json\/wp\/v2\/pages"}],"about":[{"href":"https:\/\/timbercoast.com\/de\/wp-json\/wp\/v2\/types\/page"}],"author":[{"embeddable":true,"href":"https:\/\/timbercoast.com\/de\/wp-json\/wp\/v2\/users\/1"}],"replies":[{"embeddable":true,"href":"https:\/\/timbercoast.com\/de\/wp-json\/wp\/v2\/comments?post=5832"}],"version-history":[{"count":0,"href":"https:\/\/timbercoast.com\/de\/wp-json\/wp\/v2\/pages\/5832\/revisions"}],"wp:featuredmedia":[{"embeddable":true,"href":"https:\/\/timbercoast.com\/de\/wp-json\/wp\/v2\/media\/7739"}],"wp:attachment":[{"href":"https:\/\/timbercoast.com\/de\/wp-json\/wp\/v2\/media?parent=5832"}],"curies":[{"name":"wp","href":"https:\/\/api.w.org\/{rel}","templated":true}]}}