{"id":6171,"date":"2017-09-28T11:42:05","date_gmt":"2017-09-28T10:42:05","guid":{"rendered":"http:\/\/test.timbercoast.com\/?page_id=6171"},"modified":"2024-02-07T11:49:56","modified_gmt":"2024-02-07T10:49:56","slug":"schiffskollegen","status":"publish","type":"page","link":"https:\/\/timbercoast.com\/de\/schiffskollegen\/","title":{"rendered":"Mitsegler"},"content":{"rendered":"<div class=\"wpb-content-wrapper\"><p>[vc_section][vc_row][vc_column][vc_column_text]<\/p>\n<div class=\"wpb_text_column wpb_content_element \">\n<div class=\"wpb_wrapper\">\n<h1>Shipmates<\/h1>\n<h3 class=\"wpb_heading wpb_video_heading\">Hast du das Zeug dazu?<\/h3>\n<\/div>\n<\/div>\n<p>[\/vc_column_text][vc_video link=&#8221;https:\/\/www.youtube.com\/watch?v=icDF6vU9Zv8&#8243; title=&#8221;Schlie\u00df dich der Mission an und werde Shipmate auf der AVONTUUR&#8221;][vc_column_text]<\/p>\n<h2>Vielen Dank f\u00fcr dein Interesse am Segeln mit unserer Community AVONTUUR<\/h2>\n<p>Wir sch\u00e4tzen deinen Wunsch, nicht nur mehr \u00fcber die Erforschung der Weite unserer Planeten zu lernen, sondern auch aktiv an Bord von Frachtg\u00fctern zu segeln, um sie zu bewahren.<\/p>\n<p>Unsere gemeinsame Mission ist es, eine nachhaltige Schifffahrtskultur zu schaffen und gleichzeitig die Wiederbelebung der traditionellen Handelsschifffahrt zu f\u00f6rdern. Durch die Teilnahme an einer Reise an Bord der AVONTUUR, wirst du von wechselnden Wettermustern herausgefordert und durch die Kameradschaft deiner Kollegen, die zusammen arbeiten, um direkte Ma\u00dfnahmen gegen die globale Erw\u00e4rmung zu ergreifen, verbunden.<\/p>\n<p>Wir freuen uns, dich an Bord begr\u00fc\u00dfen zu d\u00fcrfen! Schreibe uns im untenstehenden Kontaktformular den Voyage Code in die Betreffzeile und wir werden dir alle notwendigen Informationen zukommen lassen.[\/vc_column_text][\/vc_column][vc_column][\/vc_column][\/vc_row][\/vc_section][vc_row][vc_column]<div class=\"center\"><div class=\"section-title\"><h2 style=\"color:#292422;\" class=\"has-subtitle\"> FAQ Shipmates<\/h2><h3 style=\"color:rgba(41,36,34,0.5);\" class=\"additional\">Hier ist eine Liste mit Fragen, die uns am h\u00e4ufigsten von unseren Shipmates gestellt wurden<\/h3><\/div><\/div>[vc_tta_accordion style=&#8221;flat&#8221; shape=&#8221;square&#8221; color=&#8221;sky&#8221; gap=&#8221;10&#8243; active_section=&#8221;&#8221; no_fill=&#8221;true&#8221; collapsible_all=&#8221;true&#8221;][vc_tta_section title=&#8221;Wie kann ich bezahlen?&#8221; tab_id=&#8221;1506599120831-32261ccc-7198&#8243;][vc_column_text]Wir akzeptieren Bank\u00fcberweisungen und paypal.[\/vc_column_text][\/vc_tta_section][vc_tta_section title=&#8221;Wie sind die Shipmates untergebracht?&#8221; tab_id=&#8221;1506599120983-8b8ead5f-a837&#8243;][vc_column_text]Das Crew-Quartier im Vorschiff wurde von ein paar sehr talentierten Volunteers eingerichtet. Es beinhaltet 10 Kojen, einen Spint pro Person f\u00fcr pers\u00f6nliche Sachen, eine Dusche (Kaltwasser) und eine Toilette.[\/vc_column_text][\/vc_tta_section][vc_tta_section title=&#8221;Brauche ich Segelerfahrung, um als Shipmate anzuheuern?&#8221; tab_id=&#8221;1506599181675-5fb45644-e9d9&#8243;][vc_column_text]Nein, das brauchst du nicht. Wir haben eine voll zertifizierte Crew, die dir w\u00e4hrend deines Aufenthaltes an Bord alles beibringen wird, was du f\u00fcr ein sicheres Segelabenteuer wissen musst.[\/vc_column_text][\/vc_tta_section][vc_tta_section title=&#8221;Welche F\u00e4higkeiten werde ich w\u00e4hrend meines Aufenthaltes lernen?&#8221; tab_id=&#8221;1506599207294-f2da7380-2a3a&#8221;][vc_column_text]Abh\u00e4ngig von der Dauer deines Aufenthaltes an Bord kannst du dir folgende F\u00e4higkeiten aneignen:<\/p>\n<ul>\n<li>Sicherheit an Bord und Instandhaltung des Schiffes<\/li>\n<li>Segel setzen und Segelman\u00f6ver durchf\u00fchren<\/li>\n<li>Steuern des Schiffes<\/li>\n<li>Wache halten<\/li>\n<li>Arbeiten in der Takelage<\/li>\n<li>Traditionelle Techniken zum Auf- und Abladen der Fracht<\/li>\n<li>Astronomische Navigation<\/li>\n<\/ul>\n<p>[\/vc_column_text][\/vc_tta_section][vc_tta_section title=&#8221;Wie viele Personen segeln auf der AVONTUUR?&#8221; tab_id=&#8221;1506599523939-5e00212a-0318&#8243;][vc_column_text]Unsere maximale Kapazit\u00e4t sind 16 Personen, 6 professionelle Crewmitglieder und 10 Shipmates.[\/vc_column_text][\/vc_tta_section][vc_tta_section title=&#8221;Was passiert, wenn das Schiff fr\u00fcher oder sp\u00e4ter im Hafen ankommt?&#8221; tab_id=&#8221;1506599549595-45e5ef23-4c67&#8243;][vc_column_text]Die Natur regiert alles, durch wechselnde Wetterbedingungen kann sich unsere Ankunft verschieben. Wir informieren dich umgehend, sollte sich dies abzeichnen. Wir raten dir, deine Reiseverbindungen zum Schiff erst kurz vor Antritt zu buchen.[\/vc_column_text][\/vc_tta_section][vc_tta_section title=&#8221;Was ist, wenn ich eine Lebensmittelallergie habe oder eine spezielle Di\u00e4t verfolge?&#8221; tab_id=&#8221;1506599598450-75877158-ce8f&#8221;][vc_column_text]Wir versuchen, allen W\u00fcnschen und Anforderungen an spezielle Di\u00e4ten gerecht zu werden. Sollte dies bei dir der Fall sein, teile es uns bitte vor deiner Buchung mit und wir informieren die Crew.[\/vc_column_text][\/vc_tta_section][vc_tta_section title=&#8221;Muss ich mich selber um Visas und Impfungen k\u00fcmmern?&#8221; tab_id=&#8221;1506599623555-73459b82-c2c6&#8243;][vc_column_text]Ja, es liegt in deiner Verantwortung darauf zu achten, dass du die n\u00f6tigen Visas und Impfungen hast. Auch dein Reisepass sollte 6 Monate l\u00e4nger g\u00fcltig sein, als das Datum deiner Ausschiffung. Der Kapit\u00e4n wird diese Dokumente pr\u00fcfen, wenn du an Bord gehst.[\/vc_column_text][\/vc_tta_section][\/vc_tta_accordion][\/vc_column][\/vc_row][vc_row][vc_column][vc_column_text]<\/p>\n<h2>Ehrfahrungen unserer Shipmates<\/h2>\n<p>[\/vc_column_text][vc_basic_grid post_type=&#8221;post&#8221; max_items=&#8221;10&#8243; element_width=&#8221;3&#8243; gap=&#8221;10&#8243; item=&#8221;basicGrid_NoAnimation&#8221; grid_id=&#8221;vc_gid:1707302854802-b9259ec6-f47a-3&#8243; taxonomies=&#8221;109&#8243;][\/vc_column][\/vc_row][vc_row][vc_column][vc_video link=&#8221;https:\/\/www.youtube.com\/watch?v=UCQ2s2B-t6o&amp;list=PLrTnS4XdYh6lQKJ8cwHey2bvKsjHuINyN&#8221; title=&#8221;Triff die Segler &#8211; Shipmates&#8221;][\/vc_column][\/vc_row][vc_row][vc_column width=&#8221;1\/2&#8243;][vc_cta h2=&#8221;Die n\u00e4chsten best\u00e4tigten Frachtreisen der AVONTUUR erwarten dich! &#8221; style=&#8221;flat&#8221; color=&#8221;white&#8221; add_button=&#8221;bottom&#8221; btn_title=&#8221;Hier geht&#8217;s zum Segelzeitplan&#8221; btn_style=&#8221;flat&#8221; btn_color=&#8221;green&#8221; btn_size=&#8221;lg&#8221; btn_align=&#8221;center&#8221; btn_i_icon_fontawesome=&#8221;fa fa-anchor&#8221; btn_button_block=&#8221;true&#8221; btn_add_icon=&#8221;true&#8221; btn_link=&#8221;url:https%3A%2F%2Ftimbercoast.com%2Fen%2Fsail-schedule%2F|&#8221;][\/vc_cta][\/vc_column][vc_column width=&#8221;1\/2&#8243;][vc_cta h2=&#8221;Wir freuen uns, dich an Bord der AVONTUUR begr\u00fc\u00dfen zu d\u00fcrfen! &#8221; txt_align=&#8221;center&#8221; style=&#8221;flat&#8221; color=&#8221;white&#8221; add_button=&#8221;bottom&#8221; btn_title=&#8221;Kontaktiere uns&#8221; btn_style=&#8221;flat&#8221; btn_color=&#8221;green&#8221; btn_size=&#8221;lg&#8221; btn_align=&#8221;center&#8221; btn_i_icon_fontawesome=&#8221;fa fa-life-ring&#8221; btn_button_block=&#8221;true&#8221; btn_add_icon=&#8221;true&#8221; btn_link=&#8221;url:https%3A%2F%2Ftimbercoast.com%2Fde%2Fsail-voyage-contact-form%2F|&#8221;][\/vc_cta][\/vc_column][\/vc_row]<\/p>\n<\/div>","protected":false},"excerpt":{"rendered":"<p>[vc_section][vc_row][vc_column][vc_column_text] Shipmates Hast du das Zeug dazu? [\/vc_column_text][vc_video link=&#8221;https:\/\/www.youtube.com\/watch?v=icDF6vU9Zv8&#8243; title=&#8221;Schlie\u00df dich der Mission an und werde Shipmate auf der AVONTUUR&#8221;][vc_column_text] Vielen Dank f\u00fcr dein Interesse am Segeln mit unserer Community&#8230;<span class=\"screen-reader-text\">  Mitsegler<\/span><\/p>\n","protected":false},"author":1,"featured_media":10094,"parent":0,"menu_order":0,"comment_status":"closed","ping_status":"closed","template":"","meta":{"footnotes":""},"class_list":["post-6171","page","type-page","status-publish","has-post-thumbnail","hentry"],"yoast_head":"<!-- This site is optimized with the Yoast SEO plugin v25.6 - https:\/\/yoast.com\/wordpress\/plugins\/seo\/ -->\n<title>Mitsegler - Timbercoast<\/title>\n<meta name=\"robots\" content=\"index, follow, max-snippet:-1, max-image-preview:large, max-video-preview:-1\" \/>\n<link rel=\"canonical\" href=\"https:\/\/timbercoast.com\/de\/schiffskollegen\/\" \/>\n<meta property=\"og:locale\" content=\"de_DE\" \/>\n<meta property=\"og:type\" content=\"article\" \/>\n<meta property=\"og:title\" content=\"Mitsegler - Timbercoast\" \/>\n<meta property=\"og:description\" content=\"[vc_section][vc_row][vc_column][vc_column_text] Shipmates Hast du das Zeug dazu? [\/vc_column_text][vc_video link=&#8221;https:\/\/www.youtube.com\/watch?v=icDF6vU9Zv8&#8243; title=&#8221;Schlie\u00df dich der Mission an und werde Shipmate auf der AVONTUUR&#8221;][vc_column_text] Vielen Dank f\u00fcr dein Interesse am Segeln mit unserer Community&#8230; Mitsegler\" \/>\n<meta property=\"og:url\" content=\"https:\/\/timbercoast.com\/de\/schiffskollegen\/\" \/>\n<meta property=\"og:site_name\" content=\"Timbercoast\" \/>\n<meta property=\"article:publisher\" content=\"https:\/\/facebook.com\/timbercoast\/\" \/>\n<meta property=\"article:modified_time\" content=\"2024-02-07T10:49:56+00:00\" \/>\n<meta property=\"og:image\" content=\"https:\/\/timbercoast.com\/wp-content\/uploads\/Matthias-Berg2.jpg\" \/>\n\t<meta property=\"og:image:width\" content=\"600\" \/>\n\t<meta property=\"og:image:height\" content=\"400\" \/>\n\t<meta property=\"og:image:type\" content=\"image\/jpeg\" \/>\n<meta name=\"twitter:card\" content=\"summary_large_image\" \/>\n<meta name=\"twitter:site\" content=\"@timbercoastcrew\" \/>\n<meta name=\"twitter:label1\" content=\"Gesch\u00e4tzte Lesezeit\" \/>\n\t<meta name=\"twitter:data1\" content=\"5\u00a0Minuten\" \/>\n<script type=\"application\/ld+json\" class=\"yoast-schema-graph\">{\"@context\":\"https:\/\/schema.org\",\"@graph\":[{\"@type\":\"WebPage\",\"@id\":\"https:\/\/timbercoast.com\/de\/schiffskollegen\/\",\"url\":\"https:\/\/timbercoast.com\/de\/schiffskollegen\/\",\"name\":\"Mitsegler - Timbercoast\",\"isPartOf\":{\"@id\":\"https:\/\/timbercoast.com\/en\/#website\"},\"primaryImageOfPage\":{\"@id\":\"https:\/\/timbercoast.com\/de\/schiffskollegen\/#primaryimage\"},\"image\":{\"@id\":\"https:\/\/timbercoast.com\/de\/schiffskollegen\/#primaryimage\"},\"thumbnailUrl\":\"https:\/\/timbercoast.com\/wp-content\/uploads\/Matthias-Berg2.jpg\",\"datePublished\":\"2017-09-28T10:42:05+00:00\",\"dateModified\":\"2024-02-07T10:49:56+00:00\",\"breadcrumb\":{\"@id\":\"https:\/\/timbercoast.com\/de\/schiffskollegen\/#breadcrumb\"},\"inLanguage\":\"de\",\"potentialAction\":[{\"@type\":\"ReadAction\",\"target\":[\"https:\/\/timbercoast.com\/de\/schiffskollegen\/\"]}]},{\"@type\":\"ImageObject\",\"inLanguage\":\"de\",\"@id\":\"https:\/\/timbercoast.com\/de\/schiffskollegen\/#primaryimage\",\"url\":\"https:\/\/timbercoast.com\/wp-content\/uploads\/Matthias-Berg2.jpg\",\"contentUrl\":\"https:\/\/timbercoast.com\/wp-content\/uploads\/Matthias-Berg2.jpg\",\"width\":600,\"height\":400},{\"@type\":\"BreadcrumbList\",\"@id\":\"https:\/\/timbercoast.com\/de\/schiffskollegen\/#breadcrumb\",\"itemListElement\":[{\"@type\":\"ListItem\",\"position\":1,\"name\":\"Home\",\"item\":\"https:\/\/timbercoast.com\/de\/\"},{\"@type\":\"ListItem\",\"position\":2,\"name\":\"Mitsegler\"}]},{\"@type\":\"WebSite\",\"@id\":\"https:\/\/timbercoast.com\/en\/#website\",\"url\":\"https:\/\/timbercoast.com\/en\/\",\"name\":\"Timbercoast\",\"description\":\"Cargo Under Sail\",\"potentialAction\":[{\"@type\":\"SearchAction\",\"target\":{\"@type\":\"EntryPoint\",\"urlTemplate\":\"https:\/\/timbercoast.com\/en\/?s={search_term_string}\"},\"query-input\":{\"@type\":\"PropertyValueSpecification\",\"valueRequired\":true,\"valueName\":\"search_term_string\"}}],\"inLanguage\":\"de\"}]}<\/script>\n<!-- \/ Yoast SEO plugin. -->","yoast_head_json":{"title":"Mitsegler - Timbercoast","robots":{"index":"index","follow":"follow","max-snippet":"max-snippet:-1","max-image-preview":"max-image-preview:large","max-video-preview":"max-video-preview:-1"},"canonical":"https:\/\/timbercoast.com\/de\/schiffskollegen\/","og_locale":"de_DE","og_type":"article","og_title":"Mitsegler - Timbercoast","og_description":"[vc_section][vc_row][vc_column][vc_column_text] Shipmates Hast du das Zeug dazu? [\/vc_column_text][vc_video link=&#8221;https:\/\/www.youtube.com\/watch?v=icDF6vU9Zv8&#8243; title=&#8221;Schlie\u00df dich der Mission an und werde Shipmate auf der AVONTUUR&#8221;][vc_column_text] Vielen Dank f\u00fcr dein Interesse am Segeln mit unserer Community&#8230; Mitsegler","og_url":"https:\/\/timbercoast.com\/de\/schiffskollegen\/","og_site_name":"Timbercoast","article_publisher":"https:\/\/facebook.com\/timbercoast\/","article_modified_time":"2024-02-07T10:49:56+00:00","og_image":[{"width":600,"height":400,"url":"https:\/\/timbercoast.com\/wp-content\/uploads\/Matthias-Berg2.jpg","type":"image\/jpeg"}],"twitter_card":"summary_large_image","twitter_site":"@timbercoastcrew","twitter_misc":{"Gesch\u00e4tzte Lesezeit":"5\u00a0Minuten"},"schema":{"@context":"https:\/\/schema.org","@graph":[{"@type":"WebPage","@id":"https:\/\/timbercoast.com\/de\/schiffskollegen\/","url":"https:\/\/timbercoast.com\/de\/schiffskollegen\/","name":"Mitsegler - Timbercoast","isPartOf":{"@id":"https:\/\/timbercoast.com\/en\/#website"},"primaryImageOfPage":{"@id":"https:\/\/timbercoast.com\/de\/schiffskollegen\/#primaryimage"},"image":{"@id":"https:\/\/timbercoast.com\/de\/schiffskollegen\/#primaryimage"},"thumbnailUrl":"https:\/\/timbercoast.com\/wp-content\/uploads\/Matthias-Berg2.jpg","datePublished":"2017-09-28T10:42:05+00:00","dateModified":"2024-02-07T10:49:56+00:00","breadcrumb":{"@id":"https:\/\/timbercoast.com\/de\/schiffskollegen\/#breadcrumb"},"inLanguage":"de","potentialAction":[{"@type":"ReadAction","target":["https:\/\/timbercoast.com\/de\/schiffskollegen\/"]}]},{"@type":"ImageObject","inLanguage":"de","@id":"https:\/\/timbercoast.com\/de\/schiffskollegen\/#primaryimage","url":"https:\/\/timbercoast.com\/wp-content\/uploads\/Matthias-Berg2.jpg","contentUrl":"https:\/\/timbercoast.com\/wp-content\/uploads\/Matthias-Berg2.jpg","width":600,"height":400},{"@type":"BreadcrumbList","@id":"https:\/\/timbercoast.com\/de\/schiffskollegen\/#breadcrumb","itemListElement":[{"@type":"ListItem","position":1,"name":"Home","item":"https:\/\/timbercoast.com\/de\/"},{"@type":"ListItem","position":2,"name":"Mitsegler"}]},{"@type":"WebSite","@id":"https:\/\/timbercoast.com\/en\/#website","url":"https:\/\/timbercoast.com\/en\/","name":"Timbercoast","description":"Cargo Under Sail","potentialAction":[{"@type":"SearchAction","target":{"@type":"EntryPoint","urlTemplate":"https:\/\/timbercoast.com\/en\/?s={search_term_string}"},"query-input":{"@type":"PropertyValueSpecification","valueRequired":true,"valueName":"search_term_string"}}],"inLanguage":"de"}]}},"_links":{"self":[{"href":"https:\/\/timbercoast.com\/de\/wp-json\/wp\/v2\/pages\/6171","targetHints":{"allow":["GET"]}}],"collection":[{"href":"https:\/\/timbercoast.com\/de\/wp-json\/wp\/v2\/pages"}],"about":[{"href":"https:\/\/timbercoast.com\/de\/wp-json\/wp\/v2\/types\/page"}],"author":[{"embeddable":true,"href":"https:\/\/timbercoast.com\/de\/wp-json\/wp\/v2\/users\/1"}],"replies":[{"embeddable":true,"href":"https:\/\/timbercoast.com\/de\/wp-json\/wp\/v2\/comments?post=6171"}],"version-history":[{"count":0,"href":"https:\/\/timbercoast.com\/de\/wp-json\/wp\/v2\/pages\/6171\/revisions"}],"wp:featuredmedia":[{"embeddable":true,"href":"https:\/\/timbercoast.com\/de\/wp-json\/wp\/v2\/media\/10094"}],"wp:attachment":[{"href":"https:\/\/timbercoast.com\/de\/wp-json\/wp\/v2\/media?parent=6171"}],"curies":[{"name":"wp","href":"https:\/\/api.w.org\/{rel}","templated":true}]}}