{"id":6403,"date":"2017-10-05T16:40:07","date_gmt":"2017-10-05T15:40:07","guid":{"rendered":"http:\/\/test.timbercoast.com\/partner-neu\/"},"modified":"2024-02-07T14:21:32","modified_gmt":"2024-02-07T13:21:32","slug":"partners","status":"publish","type":"page","link":"https:\/\/timbercoast.com\/de\/partners\/","title":{"rendered":"Partner"},"content":{"rendered":"<div class=\"wpb-content-wrapper\"><p>[vc_row][vc_column][\/vc_column][\/vc_row][vc_row full_width=&#8221;stretch_row_content_no_spaces&#8221; full_height=&#8221;yes&#8221; parallax=&#8221;content-moving&#8221; parallax_image=&#8221;234&#8243;][vc_column][\/vc_column][\/vc_row][vc_row][vc_column]<div class=\"center\"><div class=\"section-title dsep\"><h1 style=\"color:;\" class=\"\">Partner<\/h1><\/div><\/div>[vc_column_text]Wir sind nicht allein in unserem Tatendrang f\u00fcr ethischen und nachhaltigen Transport. Es gibt eine stetig wachsende internationale Gemeinschaft, zu der wir geh\u00f6ren und von der wir Unterst\u00fctzung erhalten. Unten aufgelistet sind Organisationen, mit denen wir eine direkte Partnerschaft eingegangen sind.[\/vc_column_text][\/vc_column][\/vc_row][vc_row][vc_column width=&#8221;1\/3&#8243;][vc_empty_space height=&#8221;200px&#8221;][vc_single_image image=&#8221;3708&#8243; alignment=&#8221;center&#8221; onclick=&#8221;custom_link&#8221; img_link_target=&#8221;_blank&#8221; css_animation=&#8221;zoomIn&#8221; link=&#8221;https:\/\/www.brigantes.eu&#8221;][vc_single_image image=&#8221;7794&#8243; onclick=&#8221;custom_link&#8221; img_link_target=&#8221;_blank&#8221; css_animation=&#8221;zoomIn&#8221; link=&#8221;https:\/\/www.zotter.at\/en\/homepage.html&#8221;][vc_single_image image=&#8221;7799&#8243; onclick=&#8221;custom_link&#8221; img_link_target=&#8221;_blank&#8221; css_animation=&#8221;zoomIn&#8221; link=&#8221;http:\/\/newdawntraders.com\/&#8221;][vc_single_image image=&#8221;8921&#8243; img_size=&#8221;medium&#8221; onclick=&#8221;custom_link&#8221; img_link_target=&#8221;_blank&#8221; css_animation=&#8221;zoomIn&#8221; link=&#8221;https:\/\/www.knuthansengin.de\/&#8221;][vc_single_image image=&#8221;9750&#8243; img_size=&#8221;medium&#8221; onclick=&#8221;custom_link&#8221; img_link_target=&#8221;_blank&#8221; css_animation=&#8221;zoomIn&#8221; link=&#8221;https:\/\/www.el-puente.de\/&#8221;][vc_single_image image=&#8221;9756&#8243; img_size=&#8221;medium&#8221; onclick=&#8221;custom_link&#8221; img_link_target=&#8221;_blank&#8221; css_animation=&#8221;zoomIn&#8221; link=&#8221;https:\/\/www.hardenberg-wilthen.de\/spirits-producer-germany.html&#8221;][\/vc_column][vc_column width=&#8221;1\/3&#8243;][vc_single_image image=&#8221;10953&#8243; alignment=&#8221;center&#8221; onclick=&#8221;custom_link&#8221; img_link_target=&#8221;_blank&#8221; link=&#8221;https:\/\/de.ensamblescafe.com\/&#8221;][vc_single_image image=&#8221;10960&#8243; alignment=&#8221;center&#8221; onclick=&#8221;custom_link&#8221; img_link_target=&#8221;_blank&#8221; link=&#8221;https:\/\/solnocturno.org\/&#8221;][vc_single_image image=&#8221;3698&#8243; img_size=&#8221;medium&#8221; alignment=&#8221;center&#8221; onclick=&#8221;custom_link&#8221; img_link_target=&#8221;_blank&#8221; css_animation=&#8221;zoomIn&#8221; link=&#8221;https:\/\/www.slokoffie.de\/&#8221;][vc_single_image image=&#8221;7685&#8243; img_size=&#8221;medium&#8221; alignment=&#8221;center&#8221; onclick=&#8221;custom_link&#8221; img_link_target=&#8221;_blank&#8221; css_animation=&#8221;zoomIn&#8221; link=&#8221;https:\/\/teikeicoffee.org\/&#8221;][vc_single_image image=&#8221;7732&#8243; img_size=&#8221;medium&#8221; alignment=&#8221;center&#8221; onclick=&#8221;custom_link&#8221; img_link_target=&#8221;_blank&#8221; css_animation=&#8221;zoomIn&#8221; link=&#8221;http:\/\/www.mitka.de\/&#8221;][vc_single_image image=&#8221;7377&#8243; img_size=&#8221;medium&#8221; alignment=&#8221;center&#8221; onclick=&#8221;custom_link&#8221; img_link_target=&#8221;_blank&#8221; css_animation=&#8221;zoomIn&#8221; link=&#8221;http:\/\/www.towt.eu\/&#8221;][vc_single_image image=&#8221;9125&#8243; alignment=&#8221;center&#8221; onclick=&#8221;custom_link&#8221; img_link_target=&#8221;_blank&#8221; css_animation=&#8221;zoomIn&#8221; link=&#8221;https:\/\/chocodelsol.com\/?setlang=en&#8221;][vc_single_image image=&#8221;9752&#8243; alignment=&#8221;center&#8221; onclick=&#8221;custom_link&#8221; img_link_target=&#8221;_blank&#8221; css_animation=&#8221;zoomIn&#8221; link=&#8221;https:\/\/www.eza.cc\/&#8221;][\/vc_column][vc_column width=&#8221;1\/3&#8243;][vc_empty_space height=&#8221;200px&#8221;][vc_single_image image=&#8221;3315&#8243; img_size=&#8221;large&#8221; alignment=&#8221;center&#8221; onclick=&#8221;custom_link&#8221; img_link_target=&#8221;_blank&#8221; css_animation=&#8221;zoomIn&#8221; link=&#8221;https:\/\/www.hannover-gin.de\/&#8221;][vc_single_image image=&#8221;7791&#8243; onclick=&#8221;custom_link&#8221; img_link_target=&#8221;_blank&#8221; css_animation=&#8221;zoomIn&#8221; link=&#8221;https:\/\/www.yogitea.com\/en\/&#8221;][vc_single_image image=&#8221;7797&#8243; alignment=&#8221;center&#8221; onclick=&#8221;custom_link&#8221; img_link_target=&#8221;_blank&#8221; css_animation=&#8221;zoomIn&#8221; link=&#8221;https:\/\/www.el-rojito.de\/&#8221;][vc_single_image image=&#8221;7728&#8243; img_size=&#8221;thumbnail&#8221; alignment=&#8221;center&#8221; onclick=&#8221;custom_link&#8221; img_link_target=&#8221;_blank&#8221; css_animation=&#8221;zoomIn&#8221; link=&#8221;http:\/\/www.cafe-chavalo.de\/&#8221;][vc_single_image image=&#8221;9062&#8243; onclick=&#8221;custom_link&#8221; img_link_target=&#8221;_blank&#8221; css_animation=&#8221;zoomIn&#8221; link=&#8221;http:\/\/www.choco-lanyze.cz\/&#8221;][vc_single_image image=&#8221;9754&#8243; onclick=&#8221;custom_link&#8221; img_link_target=&#8221;_blank&#8221; css_animation=&#8221;zoomIn&#8221; link=&#8221;https:\/\/justuscoffee.com\/&#8221;][\/vc_column][\/vc_row][vc_row][vc_column width=&#8221;1\/3&#8243;][vc_single_image image=&#8221;2833&#8243; onclick=&#8221;custom_link&#8221; img_link_target=&#8221;_blank&#8221; css_animation=&#8221;zoomIn&#8221; link=&#8221;http:\/\/sailcargoalliance.org\/&#8221;][vc_single_image image=&#8221;7699&#8243; onclick=&#8221;custom_link&#8221; img_link_target=&#8221;_blank&#8221; css_animation=&#8221;zoomIn&#8221; link=&#8221;http:\/\/gcs.de.com\/&#8221; css=&#8221;.vc_custom_1519980271820{border-radius: 2px !important;}&#8221;][\/vc_column][vc_column width=&#8221;1\/3&#8243;][vc_single_image image=&#8221;10656&#8243; onclick=&#8221;custom_link&#8221; img_link_target=&#8221;_blank&#8221; css_animation=&#8221;zoomIn&#8221; link=&#8221;http:\/\/www.sodasan.com&#8221; css=&#8221;.vc_custom_1620383367439{border-radius: 2px !important;}&#8221;][vc_single_image image=&#8221;3766&#8243; onclick=&#8221;custom_link&#8221; img_link_target=&#8221;_blank&#8221; css_animation=&#8221;zoomIn&#8221; link=&#8221;https:\/\/www.herberg-systems.com\/home.html&#8221;][\/vc_column][vc_column width=&#8221;1\/3&#8243;][vc_single_image image=&#8221;3700&#8243; onclick=&#8221;custom_link&#8221; img_link_target=&#8221;_blank&#8221; css_animation=&#8221;zoomIn&#8221; link=&#8221;https:\/\/www.portfranc.co\/&#8221;][vc_single_image image=&#8221;842&#8243; onclick=&#8221;custom_link&#8221; img_link_target=&#8221;_blank&#8221; css_animation=&#8221;zoomIn&#8221; link=&#8221;http:\/\/wind-ship.org\/en\/grid-homepage\/&#8221;][\/vc_column][\/vc_row]<\/p>\n<\/div>","protected":false},"excerpt":{"rendered":"<p>[vc_row][vc_column][\/vc_column][\/vc_row][vc_row full_width=&#8221;stretch_row_content_no_spaces&#8221; full_height=&#8221;yes&#8221; parallax=&#8221;content-moving&#8221; parallax_image=&#8221;234&#8243;][vc_column][\/vc_column][\/vc_row][vc_row][vc_column][vc_column_text]Wir sind nicht allein in unserem Tatendrang f\u00fcr ethischen und nachhaltigen Transport. Es gibt eine stetig wachsende internationale Gemeinschaft, zu der wir geh\u00f6ren und von der&#8230;<span class=\"screen-reader-text\">  Partner<\/span><\/p>\n","protected":false},"author":1,"featured_media":0,"parent":0,"menu_order":0,"comment_status":"closed","ping_status":"closed","template":"","meta":{"footnotes":""},"class_list":["post-6403","page","type-page","status-publish","hentry"],"yoast_head":"<!-- This site is optimized with the Yoast SEO plugin v25.6 - https:\/\/yoast.com\/wordpress\/plugins\/seo\/ -->\n<title>Partner - Timbercoast<\/title>\n<meta name=\"robots\" content=\"index, follow, max-snippet:-1, max-image-preview:large, max-video-preview:-1\" \/>\n<link rel=\"canonical\" href=\"https:\/\/timbercoast.com\/de\/partners\/\" \/>\n<meta property=\"og:locale\" content=\"de_DE\" \/>\n<meta property=\"og:type\" content=\"article\" \/>\n<meta property=\"og:title\" content=\"Partner - Timbercoast\" \/>\n<meta property=\"og:description\" content=\"[vc_row][vc_column][\/vc_column][\/vc_row][vc_row full_width=&#8221;stretch_row_content_no_spaces&#8221; full_height=&#8221;yes&#8221; parallax=&#8221;content-moving&#8221; parallax_image=&#8221;234&#8243;][vc_column][\/vc_column][\/vc_row][vc_row][vc_column][vc_column_text]Wir sind nicht allein in unserem Tatendrang f\u00fcr ethischen und nachhaltigen Transport. Es gibt eine stetig wachsende internationale Gemeinschaft, zu der wir geh\u00f6ren und von der&#8230; Partner\" \/>\n<meta property=\"og:url\" content=\"https:\/\/timbercoast.com\/de\/partners\/\" \/>\n<meta property=\"og:site_name\" content=\"Timbercoast\" \/>\n<meta property=\"article:publisher\" content=\"https:\/\/facebook.com\/timbercoast\/\" \/>\n<meta property=\"article:modified_time\" content=\"2024-02-07T13:21:32+00:00\" \/>\n<meta property=\"og:image\" content=\"https:\/\/timbercoast.com\/wp-content\/uploads\/2016\/03\/wesbitetagwlogosmall-1.png\" \/>\n<meta name=\"twitter:card\" content=\"summary_large_image\" \/>\n<meta name=\"twitter:site\" content=\"@timbercoastcrew\" \/>\n<meta name=\"twitter:label1\" content=\"Gesch\u00e4tzte Lesezeit\" \/>\n\t<meta name=\"twitter:data1\" content=\"4\u00a0Minuten\" \/>\n<script type=\"application\/ld+json\" class=\"yoast-schema-graph\">{\"@context\":\"https:\/\/schema.org\",\"@graph\":[{\"@type\":\"WebPage\",\"@id\":\"https:\/\/timbercoast.com\/de\/partners\/\",\"url\":\"https:\/\/timbercoast.com\/de\/partners\/\",\"name\":\"Partner - Timbercoast\",\"isPartOf\":{\"@id\":\"https:\/\/timbercoast.com\/en\/#website\"},\"datePublished\":\"2017-10-05T15:40:07+00:00\",\"dateModified\":\"2024-02-07T13:21:32+00:00\",\"breadcrumb\":{\"@id\":\"https:\/\/timbercoast.com\/de\/partners\/#breadcrumb\"},\"inLanguage\":\"de\",\"potentialAction\":[{\"@type\":\"ReadAction\",\"target\":[\"https:\/\/timbercoast.com\/de\/partners\/\"]}]},{\"@type\":\"BreadcrumbList\",\"@id\":\"https:\/\/timbercoast.com\/de\/partners\/#breadcrumb\",\"itemListElement\":[{\"@type\":\"ListItem\",\"position\":1,\"name\":\"Home\",\"item\":\"https:\/\/timbercoast.com\/de\/\"},{\"@type\":\"ListItem\",\"position\":2,\"name\":\"Partner\"}]},{\"@type\":\"WebSite\",\"@id\":\"https:\/\/timbercoast.com\/en\/#website\",\"url\":\"https:\/\/timbercoast.com\/en\/\",\"name\":\"Timbercoast\",\"description\":\"Cargo Under Sail\",\"potentialAction\":[{\"@type\":\"SearchAction\",\"target\":{\"@type\":\"EntryPoint\",\"urlTemplate\":\"https:\/\/timbercoast.com\/en\/?s={search_term_string}\"},\"query-input\":{\"@type\":\"PropertyValueSpecification\",\"valueRequired\":true,\"valueName\":\"search_term_string\"}}],\"inLanguage\":\"de\"}]}<\/script>\n<!-- \/ Yoast SEO plugin. -->","yoast_head_json":{"title":"Partner - Timbercoast","robots":{"index":"index","follow":"follow","max-snippet":"max-snippet:-1","max-image-preview":"max-image-preview:large","max-video-preview":"max-video-preview:-1"},"canonical":"https:\/\/timbercoast.com\/de\/partners\/","og_locale":"de_DE","og_type":"article","og_title":"Partner - Timbercoast","og_description":"[vc_row][vc_column][\/vc_column][\/vc_row][vc_row full_width=&#8221;stretch_row_content_no_spaces&#8221; full_height=&#8221;yes&#8221; parallax=&#8221;content-moving&#8221; parallax_image=&#8221;234&#8243;][vc_column][\/vc_column][\/vc_row][vc_row][vc_column][vc_column_text]Wir sind nicht allein in unserem Tatendrang f\u00fcr ethischen und nachhaltigen Transport. Es gibt eine stetig wachsende internationale Gemeinschaft, zu der wir geh\u00f6ren und von der&#8230; Partner","og_url":"https:\/\/timbercoast.com\/de\/partners\/","og_site_name":"Timbercoast","article_publisher":"https:\/\/facebook.com\/timbercoast\/","article_modified_time":"2024-02-07T13:21:32+00:00","og_image":[{"url":"https:\/\/timbercoast.com\/wp-content\/uploads\/2016\/03\/wesbitetagwlogosmall-1.png","type":"","width":"","height":""}],"twitter_card":"summary_large_image","twitter_site":"@timbercoastcrew","twitter_misc":{"Gesch\u00e4tzte Lesezeit":"4\u00a0Minuten"},"schema":{"@context":"https:\/\/schema.org","@graph":[{"@type":"WebPage","@id":"https:\/\/timbercoast.com\/de\/partners\/","url":"https:\/\/timbercoast.com\/de\/partners\/","name":"Partner - Timbercoast","isPartOf":{"@id":"https:\/\/timbercoast.com\/en\/#website"},"datePublished":"2017-10-05T15:40:07+00:00","dateModified":"2024-02-07T13:21:32+00:00","breadcrumb":{"@id":"https:\/\/timbercoast.com\/de\/partners\/#breadcrumb"},"inLanguage":"de","potentialAction":[{"@type":"ReadAction","target":["https:\/\/timbercoast.com\/de\/partners\/"]}]},{"@type":"BreadcrumbList","@id":"https:\/\/timbercoast.com\/de\/partners\/#breadcrumb","itemListElement":[{"@type":"ListItem","position":1,"name":"Home","item":"https:\/\/timbercoast.com\/de\/"},{"@type":"ListItem","position":2,"name":"Partner"}]},{"@type":"WebSite","@id":"https:\/\/timbercoast.com\/en\/#website","url":"https:\/\/timbercoast.com\/en\/","name":"Timbercoast","description":"Cargo Under Sail","potentialAction":[{"@type":"SearchAction","target":{"@type":"EntryPoint","urlTemplate":"https:\/\/timbercoast.com\/en\/?s={search_term_string}"},"query-input":{"@type":"PropertyValueSpecification","valueRequired":true,"valueName":"search_term_string"}}],"inLanguage":"de"}]}},"_links":{"self":[{"href":"https:\/\/timbercoast.com\/de\/wp-json\/wp\/v2\/pages\/6403","targetHints":{"allow":["GET"]}}],"collection":[{"href":"https:\/\/timbercoast.com\/de\/wp-json\/wp\/v2\/pages"}],"about":[{"href":"https:\/\/timbercoast.com\/de\/wp-json\/wp\/v2\/types\/page"}],"author":[{"embeddable":true,"href":"https:\/\/timbercoast.com\/de\/wp-json\/wp\/v2\/users\/1"}],"replies":[{"embeddable":true,"href":"https:\/\/timbercoast.com\/de\/wp-json\/wp\/v2\/comments?post=6403"}],"version-history":[{"count":0,"href":"https:\/\/timbercoast.com\/de\/wp-json\/wp\/v2\/pages\/6403\/revisions"}],"wp:attachment":[{"href":"https:\/\/timbercoast.com\/de\/wp-json\/wp\/v2\/media?parent=6403"}],"curies":[{"name":"wp","href":"https:\/\/api.w.org\/{rel}","templated":true}]}}