{"id":9479,"date":"2019-05-07T10:13:00","date_gmt":"2019-05-07T09:13:00","guid":{"rendered":"https:\/\/timbercoast.com\/sail-voyage-contact-form\/"},"modified":"2025-08-02T20:07:28","modified_gmt":"2025-08-02T19:07:28","slug":"sail-voyage-contact-form","status":"publish","type":"page","link":"https:\/\/timbercoast.com\/de\/sail-voyage-contact-form\/","title":{"rendered":"Sail Voyage Kontaktformular"},"content":{"rendered":"<div class=\"wpb-content-wrapper\"><p>[vc_row][vc_column][vc_single_image image=&#8221;10880&#8243;][vc_column_text css=&#8221;&#8221;]<\/p>\n<div class=\"wpb_text_column wpb_content_element \">\n<div class=\"wpb_wrapper\">\n<h2>Bitte lesen \u2013 damit ihr wisst was es bedeutet mit der Avontuur unterwegs zu sein<\/h2>\n<p>Vielen Dank f\u00fcr Dein Interesse mit der Avontuur zu segeln.<\/p>\n<p>Egal was Du geh\u00f6rt oder gelesen hast \u00fcber Timbercoast und unsere Mission, wir m\u00f6chten dass Du wei\u00dft, dass die Avontuur kein konventionelles Schiff ist. Segeln und arbeiten an Bord ist kein gew\u00f6hnlicher Job und auch keine Urlaubs- oder Pauschalreise. Wir sind auf der Mission der Welt zu zeigen, dass sauberer Seetransport m\u00f6glich und n\u00f6tig ist. Wir wollen die Menschen zum Nachdenken \u00fcber die Konsequenzen unseres Lebensstils, unseres Konsums und dem Streben nach stetigem Wachstum bringen. Mit anderen Worten, wir segeln nicht nur einen traditionellen Schoner der Tradition wegen, und jede Person an Bord gilt als Vollmitglied der Crew, die wissen muss, was von ihr erwartet wird!<\/p>\n<p>Alle Besatzungsmitglieder an Bord sind angehalten, die Mission mit ihrer Arbeit, ihrer \u00dcberzeugung und ihrem Herzen zu unterst\u00fctzen! In jedem Hafen den wir anlaufen sind wir die Botschafter einer Mission, die wir mit der Avontuur in die Welt tragen! Wir \u00fcberqueren den Ozean auf einem Segelschiff, ohne eine Spur zu hinterlassen, nichts als die Spur des Kielwassers vom Schiffes.<\/p>\n<p>Im Hafen hinterl\u00e4sst jedes Besatzungsmitglied allerdings viel mehr. Wir lassen Menschen zur\u00fcck, die gesehen haben, dass wir uns um unsere Zukunft, die Zukunft unserer Ozeane, unsere Umwelt und unsere Welt sorgen. Wir hinterlassen eine sehr positive Botschaft, die hoffentlich von all denen weiter getragen wird, die wir durch unser Tun inspiriert haben!<\/p>\n<p>Wenn Du Dich mit unseren Zielen identifizieren kannst und unsere Ideale unterst\u00fctzen m\u00f6chtest, freuen wir uns mehr von Dir und den Gr\u00fcnden, warum Du mit uns segeln m\u00f6chtest, zu erfahren.<\/p>\n<p>Wir freuen uns von Dir zu h\u00f6ren. Bitte gib im Kontaktformular den Code der Reise ein, die Dich interessiert.<\/p>\n<\/div>\n<\/div>\n<p>[\/vc_column_text][\/vc_column][\/vc_row][vc_row][vc_column width=&#8221;1\/2&#8243;][vc_tta_accordion style=&#8221;flat&#8221; color=&#8221;green&#8221; c_align=&#8221;center&#8221; active_section=&#8221;&#8221; no_fill=&#8221;true&#8221; collapsible_all=&#8221;true&#8221;][vc_tta_section i_icon_fontawesome=&#8221;fa fa-anchor&#8221; add_icon=&#8221;true&#8221; title=&#8221;Ich habe verstanden, was es braucht, um Teil der Crew zu werden!&#8221; tab_id=&#8221;1620403740605-048a5491-eb15&#8243;][vc_column_text]<\/p>\n<h2><strong>Sail Voyage Kontaktformular<\/strong><\/h2>\n<div class=\"wpcf7 no-js\" id=\"wpcf7-f6503-o1\" lang=\"en-US\" dir=\"ltr\" data-wpcf7-id=\"6503\">\n<div class=\"screen-reader-response\"><p role=\"status\" aria-live=\"polite\" aria-atomic=\"true\"><\/p> <ul><\/ul><\/div>\n<form action=\"\/de\/wp-json\/wp\/v2\/pages\/9479#wpcf7-f6503-o1\" method=\"post\" class=\"wpcf7-form init\" aria-label=\"Contact form\" enctype=\"multipart\/form-data\" novalidate=\"novalidate\" data-status=\"init\">\n<fieldset class=\"hidden-fields-container\"><input type=\"hidden\" name=\"_wpcf7\" value=\"6503\" \/><input type=\"hidden\" name=\"_wpcf7_version\" value=\"6.1.1\" \/><input type=\"hidden\" name=\"_wpcf7_locale\" value=\"en_US\" \/><input type=\"hidden\" name=\"_wpcf7_unit_tag\" value=\"wpcf7-f6503-o1\" \/><input type=\"hidden\" name=\"_wpcf7_container_post\" value=\"0\" \/><input type=\"hidden\" name=\"_wpcf7_posted_data_hash\" value=\"\" \/>\n<\/fieldset>\n<p><span class=\"wpcf7-form-control-wrap\" data-name=\"voyage-code\"><input size=\"40\" maxlength=\"400\" class=\"wpcf7-form-control wpcf7-text wpcf7-validates-as-required\" aria-required=\"true\" aria-invalid=\"false\" placeholder=\"Voyage Number*\" value=\"\" type=\"text\" name=\"voyage-code\" \/><\/span>\n<\/p>\n<p><span class=\"wpcf7-form-control-wrap\" data-name=\"your-name\"><input size=\"40\" maxlength=\"400\" class=\"wpcf7-form-control wpcf7-text wpcf7-validates-as-required\" aria-required=\"true\" aria-invalid=\"false\" placeholder=\"Name*\" value=\"\" type=\"text\" name=\"your-name\" \/><\/span>\n<\/p>\n<p><span class=\"wpcf7-form-control-wrap\" data-name=\"phone\"><input size=\"40\" maxlength=\"400\" class=\"wpcf7-form-control wpcf7-tel wpcf7-validates-as-required wpcf7-text wpcf7-validates-as-tel\" aria-required=\"true\" aria-invalid=\"false\" placeholder=\"Telephone*\" value=\"\" type=\"tel\" name=\"phone\" \/><\/span>\n<\/p>\n<p><span class=\"wpcf7-form-control-wrap\" data-name=\"email\"><input size=\"40\" maxlength=\"400\" class=\"wpcf7-form-control wpcf7-email wpcf7-validates-as-required wpcf7-text wpcf7-validates-as-email\" aria-required=\"true\" aria-invalid=\"false\" placeholder=\"Email*\" value=\"\" type=\"email\" name=\"email\" \/><\/span>\n<\/p>\n<p>I am <span class=\"wpcf7-form-control-wrap\" data-name=\"number-682\"><input class=\"wpcf7-form-control wpcf7-number wpcf7-validates-as-required wpcf7-validates-as-number\" min=\"16\" max=\"99\" aria-required=\"true\" aria-invalid=\"false\" value=\"\" type=\"number\" name=\"number-682\" \/><\/span> years young\n<\/p>\n<p><span class=\"wpcf7-form-control-wrap\" data-name=\"message\"><textarea cols=\"40\" rows=\"10\" maxlength=\"2000\" class=\"wpcf7-form-control wpcf7-textarea\" aria-invalid=\"false\" placeholder=\"Message\" name=\"message\"><\/textarea><\/span>\n<\/p>\n<h4>My Photo (for memory aid purposes only)\n<\/h4>\n<p><span class=\"wpcf7-form-control-wrap\" data-name=\"Mypicture\"><input size=\"40\" class=\"wpcf7-form-control wpcf7-file wpcf7-validates-as-required\" accept=\".png,.jpg\" aria-required=\"true\" aria-invalid=\"false\" type=\"file\" name=\"Mypicture\" \/><\/span>\n<\/p>\n<p><!-- Mailchimp for WordPress v4.10.6 - https:\/\/www.mc4wp.com\/ --><input type=\"hidden\" name=\"_mc4wp_subscribe_contact-form-7\" value=\"0\" \/><span class=\"mc4wp-checkbox mc4wp-checkbox-contact-form-7 \"><label><input type=\"checkbox\" name=\"_mc4wp_subscribe_contact-form-7\" value=\"1\" checked=\"checked\"><span>Sign me up for the newsletter!<\/span><\/label><\/span><!-- \/ Mailchimp for WordPress -->\n<\/p>\n<p><span id=\"wpcf7-69eb68854327d-wrapper\" class=\"wpcf7-form-control-wrap honeypot-214-wrap\" style=\"display:none !important; visibility:hidden !important;\"><label for=\"wpcf7-69eb68854327d-field\" class=\"hp-message\">Please leave this field empty.<\/label><input id=\"wpcf7-69eb68854327d-field\"  class=\"wpcf7-form-control wpcf7-text\" type=\"text\" name=\"honeypot-214\" value=\"\" size=\"40\" tabindex=\"-1\" autocomplete=\"new-password\" \/><\/span>\n<\/p>\n<p><input class=\"wpcf7-form-control wpcf7-submit has-spinner\" type=\"submit\" value=\"Send\" \/>\n<\/p><div class=\"wpcf7-response-output\" aria-hidden=\"true\"><\/div>\n<\/form>\n<\/div>\n[\/vc_column_text][\/vc_tta_section][\/vc_tta_accordion][\/vc_column][vc_column width=&#8221;1\/2&#8243;][vc_tta_accordion style=&#8221;flat&#8221; color=&#8221;sandy-brown&#8221; c_align=&#8221;center&#8221; active_section=&#8221;&#8221; no_fill=&#8221;true&#8221; collapsible_all=&#8221;true&#8221;][vc_tta_section i_icon_fontawesome=&#8221;fa fa-binoculars&#8221; add_icon=&#8221;true&#8221; title=&#8221;Ich m\u00f6chte mehr \u00fcber Shipmates an Bord der AVONTUUR erfahren&#8221; tab_id=&#8221;1620638346645-4071101c-aba7&#8243;][vc_single_image image=&#8221;11016&#8243; alignment=&#8221;center&#8221; onclick=&#8221;custom_link&#8221; link=&#8221;https:\/\/timbercoast.com\/de\/schiffskollegen\/&#8221;][vc_column_text]<\/p>\n<div class=\"vc_custom_heading vc_gitem-post-data vc_gitem-post-data-source-post_title\">\n<h4>Shipmates<\/h4>\n<\/div>\n<div class=\"vc_custom_heading vc_gitem-post-data vc_gitem-post-data-source-post_excerpt\">\n<div class=\"wpb_text_column wpb_content_element \">\n<div class=\"wpb_wrapper\">\n<div class=\"wpb_text_column wpb_content_element \">\n<div class=\"wpb_wrapper\">\n<p class=\"wpb_heading wpb_video_heading\">Hast du das Zeug dazu? Schlie\u00df dich der Mission an und werde Shipmate auf der AVONTUUR Vielen Dank f\u00fcr dein Interesse am Segeln mit unserer Community AVONTUUR&#8230;<\/p>\n<\/div>\n<\/div>\n<\/div>\n<\/div>\n<\/div>\n<p>[\/vc_column_text][vc_btn title=&#8221;Weiterlesen&#8230;&#8221; color=&#8221;success&#8221; link=&#8221;url:https%3A%2F%2Ftimbercoast.com%2Fde%2Fschiffskollegen%2F|&#8221;][\/vc_tta_section][\/vc_tta_accordion][\/vc_column][\/vc_row][vc_row][vc_column][\/vc_column][\/vc_row]<\/p>\n<\/div>","protected":false},"excerpt":{"rendered":"<p>[vc_row][vc_column][vc_single_image image=&#8221;10880&#8243;][vc_column_text css=&#8221;&#8221;] Bitte lesen \u2013 damit ihr wisst was es bedeutet mit der Avontuur unterwegs zu sein Vielen Dank f\u00fcr Dein Interesse mit der Avontuur zu segeln. Egal was&#8230;<span class=\"screen-reader-text\">  Sail Voyage Kontaktformular<\/span><\/p>\n","protected":false},"author":1,"featured_media":0,"parent":0,"menu_order":0,"comment_status":"closed","ping_status":"closed","template":"","meta":{"footnotes":""},"class_list":["post-9479","page","type-page","status-publish","hentry"],"yoast_head":"<!-- This site is optimized with the Yoast SEO plugin v25.6 - https:\/\/yoast.com\/wordpress\/plugins\/seo\/ -->\n<title>Sail Voyage Kontaktformular - Timbercoast<\/title>\n<meta name=\"robots\" content=\"index, follow, max-snippet:-1, max-image-preview:large, max-video-preview:-1\" \/>\n<link rel=\"canonical\" href=\"https:\/\/timbercoast.com\/en\/sail-voyage-contact-form\/\" \/>\n<meta property=\"og:locale\" content=\"de_DE\" \/>\n<meta property=\"og:type\" content=\"article\" \/>\n<meta property=\"og:title\" content=\"Sail Voyage Kontaktformular - Timbercoast\" \/>\n<meta property=\"og:description\" content=\"[vc_row][vc_column][vc_single_image image=&#8221;10880&#8243;][vc_column_text css=&#8221;&#8221;] Bitte lesen \u2013 damit ihr wisst was es bedeutet mit der Avontuur unterwegs zu sein Vielen Dank f\u00fcr Dein Interesse mit der Avontuur zu segeln. Egal was&#8230; Sail Voyage Kontaktformular\" \/>\n<meta property=\"og:url\" content=\"https:\/\/timbercoast.com\/en\/sail-voyage-contact-form\/\" \/>\n<meta property=\"og:site_name\" content=\"Timbercoast\" \/>\n<meta property=\"article:publisher\" content=\"https:\/\/facebook.com\/timbercoast\/\" \/>\n<meta property=\"article:modified_time\" content=\"2025-08-02T19:07:28+00:00\" \/>\n<meta property=\"og:image\" content=\"https:\/\/timbercoast.com\/wp-content\/uploads\/2016\/03\/wesbitetagwlogosmall-1.png\" \/>\n<meta name=\"twitter:card\" content=\"summary_large_image\" \/>\n<meta name=\"twitter:site\" content=\"@timbercoastcrew\" \/>\n<meta name=\"twitter:label1\" content=\"Gesch\u00e4tzte Lesezeit\" \/>\n\t<meta name=\"twitter:data1\" content=\"3\u00a0Minuten\" \/>\n<script type=\"application\/ld+json\" class=\"yoast-schema-graph\">{\"@context\":\"https:\/\/schema.org\",\"@graph\":[{\"@type\":\"WebPage\",\"@id\":\"https:\/\/timbercoast.com\/en\/sail-voyage-contact-form\/\",\"url\":\"https:\/\/timbercoast.com\/en\/sail-voyage-contact-form\/\",\"name\":\"Sail Voyage Kontaktformular - Timbercoast\",\"isPartOf\":{\"@id\":\"https:\/\/timbercoast.com\/en\/#website\"},\"datePublished\":\"2019-05-07T09:13:00+00:00\",\"dateModified\":\"2025-08-02T19:07:28+00:00\",\"breadcrumb\":{\"@id\":\"https:\/\/timbercoast.com\/en\/sail-voyage-contact-form\/#breadcrumb\"},\"inLanguage\":\"de\",\"potentialAction\":[{\"@type\":\"ReadAction\",\"target\":[\"https:\/\/timbercoast.com\/en\/sail-voyage-contact-form\/\"]}]},{\"@type\":\"BreadcrumbList\",\"@id\":\"https:\/\/timbercoast.com\/en\/sail-voyage-contact-form\/#breadcrumb\",\"itemListElement\":[{\"@type\":\"ListItem\",\"position\":1,\"name\":\"Home\",\"item\":\"https:\/\/timbercoast.com\/de\/\"},{\"@type\":\"ListItem\",\"position\":2,\"name\":\"Sail Voyage Kontaktformular\"}]},{\"@type\":\"WebSite\",\"@id\":\"https:\/\/timbercoast.com\/en\/#website\",\"url\":\"https:\/\/timbercoast.com\/en\/\",\"name\":\"Timbercoast\",\"description\":\"Cargo Under Sail\",\"potentialAction\":[{\"@type\":\"SearchAction\",\"target\":{\"@type\":\"EntryPoint\",\"urlTemplate\":\"https:\/\/timbercoast.com\/en\/?s={search_term_string}\"},\"query-input\":{\"@type\":\"PropertyValueSpecification\",\"valueRequired\":true,\"valueName\":\"search_term_string\"}}],\"inLanguage\":\"de\"}]}<\/script>\n<!-- \/ Yoast SEO plugin. -->","yoast_head_json":{"title":"Sail Voyage Kontaktformular - Timbercoast","robots":{"index":"index","follow":"follow","max-snippet":"max-snippet:-1","max-image-preview":"max-image-preview:large","max-video-preview":"max-video-preview:-1"},"canonical":"https:\/\/timbercoast.com\/en\/sail-voyage-contact-form\/","og_locale":"de_DE","og_type":"article","og_title":"Sail Voyage Kontaktformular - Timbercoast","og_description":"[vc_row][vc_column][vc_single_image image=&#8221;10880&#8243;][vc_column_text css=&#8221;&#8221;] Bitte lesen \u2013 damit ihr wisst was es bedeutet mit der Avontuur unterwegs zu sein Vielen Dank f\u00fcr Dein Interesse mit der Avontuur zu segeln. Egal was&#8230; Sail Voyage Kontaktformular","og_url":"https:\/\/timbercoast.com\/en\/sail-voyage-contact-form\/","og_site_name":"Timbercoast","article_publisher":"https:\/\/facebook.com\/timbercoast\/","article_modified_time":"2025-08-02T19:07:28+00:00","og_image":[{"url":"https:\/\/timbercoast.com\/wp-content\/uploads\/2016\/03\/wesbitetagwlogosmall-1.png","type":"","width":"","height":""}],"twitter_card":"summary_large_image","twitter_site":"@timbercoastcrew","twitter_misc":{"Gesch\u00e4tzte Lesezeit":"3\u00a0Minuten"},"schema":{"@context":"https:\/\/schema.org","@graph":[{"@type":"WebPage","@id":"https:\/\/timbercoast.com\/en\/sail-voyage-contact-form\/","url":"https:\/\/timbercoast.com\/en\/sail-voyage-contact-form\/","name":"Sail Voyage Kontaktformular - Timbercoast","isPartOf":{"@id":"https:\/\/timbercoast.com\/en\/#website"},"datePublished":"2019-05-07T09:13:00+00:00","dateModified":"2025-08-02T19:07:28+00:00","breadcrumb":{"@id":"https:\/\/timbercoast.com\/en\/sail-voyage-contact-form\/#breadcrumb"},"inLanguage":"de","potentialAction":[{"@type":"ReadAction","target":["https:\/\/timbercoast.com\/en\/sail-voyage-contact-form\/"]}]},{"@type":"BreadcrumbList","@id":"https:\/\/timbercoast.com\/en\/sail-voyage-contact-form\/#breadcrumb","itemListElement":[{"@type":"ListItem","position":1,"name":"Home","item":"https:\/\/timbercoast.com\/de\/"},{"@type":"ListItem","position":2,"name":"Sail Voyage Kontaktformular"}]},{"@type":"WebSite","@id":"https:\/\/timbercoast.com\/en\/#website","url":"https:\/\/timbercoast.com\/en\/","name":"Timbercoast","description":"Cargo Under Sail","potentialAction":[{"@type":"SearchAction","target":{"@type":"EntryPoint","urlTemplate":"https:\/\/timbercoast.com\/en\/?s={search_term_string}"},"query-input":{"@type":"PropertyValueSpecification","valueRequired":true,"valueName":"search_term_string"}}],"inLanguage":"de"}]}},"_links":{"self":[{"href":"https:\/\/timbercoast.com\/de\/wp-json\/wp\/v2\/pages\/9479","targetHints":{"allow":["GET"]}}],"collection":[{"href":"https:\/\/timbercoast.com\/de\/wp-json\/wp\/v2\/pages"}],"about":[{"href":"https:\/\/timbercoast.com\/de\/wp-json\/wp\/v2\/types\/page"}],"author":[{"embeddable":true,"href":"https:\/\/timbercoast.com\/de\/wp-json\/wp\/v2\/users\/1"}],"replies":[{"embeddable":true,"href":"https:\/\/timbercoast.com\/de\/wp-json\/wp\/v2\/comments?post=9479"}],"version-history":[{"count":4,"href":"https:\/\/timbercoast.com\/de\/wp-json\/wp\/v2\/pages\/9479\/revisions"}],"predecessor-version":[{"id":12630,"href":"https:\/\/timbercoast.com\/de\/wp-json\/wp\/v2\/pages\/9479\/revisions\/12630"}],"wp:attachment":[{"href":"https:\/\/timbercoast.com\/de\/wp-json\/wp\/v2\/media?parent=9479"}],"curies":[{"name":"wp","href":"https:\/\/api.w.org\/{rel}","templated":true}]}}